{"id":37766,"date":"2026-04-18T18:07:28","date_gmt":"2026-04-18T18:07:28","guid":{"rendered":"https:\/\/singuli.wpress.me\/index.php\/proizvod\/becutan-mlijeko-200-ml\/"},"modified":"2026-04-23T00:27:36","modified_gmt":"2026-04-23T00:27:36","slug":"becutan-mlijeko-200-ml","status":"publish","type":"product","link":"https:\/\/singuli.wpress.me\/proizvod\/becutan-mlijeko-200-ml\/","title":{"rendered":"BECUTAN, mlijeko, 200\u00a0ml"},"content":{"rendered":"<p>Becutan hidratantno mlijeko za njegu dje\u010dje ko\u017ee oboga\u0107eno je sastojcima koji hidratiziraju ko\u017eu nakon kupanja i uravnote\u017euju njezinu vla\u017enost. Njegova neutralna pH vrijednost prilago\u0111ena je potrebama osjetljive dje\u010dje ko\u017ee, omogu\u0107uju\u0107i joj intenzivnu njegu i za\u0161titu. Proizvod je razvijen u suradnji s dermatolozima i pedijatrima te je klini\u010dki testiran. Zbog svoje blage formule, preporu\u010duje se i odraslim osobama s osjetljivom ko\u017eom.<\/p>\n","protected":false},"excerpt":{"rendered":"<p>Uravnote\u017euje vla\u017enost ko\u017ee i pru\u017ea dubinsku njegu nakon svakog kupanja<br \/>\nNeutralna pH vrijednost koja u potpunosti odgovara potrebama osjetljive dje\u010dje i bebine ko\u017ee<br \/>\nKlini\u010dki testiran proizvod razvijen u suradnji s timom dermatologa i pedijatara<\/p>\n","protected":false},"featured_media":37767,"template":"","meta":{"_seopress_robots_primary_cat":"","_seopress_titles_title":"","_seopress_titles_desc":"","_seopress_robots_index":"","iawp_total_views":0},"product_brand":[803],"product_cat":[268,300],"product_tag":[],"class_list":{"0":"post-37766","1":"product","2":"type-product","3":"status-publish","4":"has-post-thumbnail","6":"product_brand-becutan","7":"product_cat-kozmetika-2","8":"product_cat-njega-kose-268","10":"first","11":"instock","12":"shipping-taxable","13":"purchasable","14":"product-type-simple"},"_links":{"self":[{"href":"https:\/\/singuli.wpress.me\/wp-json\/wp\/v2\/product\/37766","targetHints":{"allow":["GET"]}}],"collection":[{"href":"https:\/\/singuli.wpress.me\/wp-json\/wp\/v2\/product"}],"about":[{"href":"https:\/\/singuli.wpress.me\/wp-json\/wp\/v2\/types\/product"}],"version-history":[{"count":0,"href":"https:\/\/singuli.wpress.me\/wp-json\/wp\/v2\/product\/37766\/revisions"}],"wp:featuredmedia":[{"embeddable":true,"href":"https:\/\/singuli.wpress.me\/wp-json\/wp\/v2\/media\/37767"}],"wp:attachment":[{"href":"https:\/\/singuli.wpress.me\/wp-json\/wp\/v2\/media?parent=37766"}],"wp:term":[{"taxonomy":"product_brand","embeddable":true,"href":"https:\/\/singuli.wpress.me\/wp-json\/wp\/v2\/product_brand?post=37766"},{"taxonomy":"product_cat","embeddable":true,"href":"https:\/\/singuli.wpress.me\/wp-json\/wp\/v2\/product_cat?post=37766"},{"taxonomy":"product_tag","embeddable":true,"href":"https:\/\/singuli.wpress.me\/wp-json\/wp\/v2\/product_tag?post=37766"}],"curies":[{"name":"wp","href":"https:\/\/api.w.org\/{rel}","templated":true}]}}