{"id":37775,"date":"2026-04-18T18:07:36","date_gmt":"2026-04-18T18:07:36","guid":{"rendered":"https:\/\/singuli.wpress.me\/index.php\/proizvod\/becutan-3x48-vlazne-maramice\/"},"modified":"2026-04-20T12:33:22","modified_gmt":"2026-04-20T12:33:22","slug":"becutan-3x48-vlazne-maramice","status":"publish","type":"product","link":"https:\/\/singuli.wpress.me\/index.php\/proizvod\/becutan-3x48-vlazne-maramice\/","title":{"rendered":"BECUTAN 3&#215;48, vla\u017ene maramice"},"content":{"rendered":"<p>Becutan vla\u017ene maramice namijenjene su temeljitom \u010di\u0161\u0107enju i njezi ko\u017ee prilikom svakog prematanja bebe. Zahvaljuju\u0107i svojoj nje\u017enoj formulaciji, izvrsne su i za svakodnevno \u010di\u0161\u0107enje bebinog lica te ru\u010dica, osiguravaju\u0107i higijenu i njegu dje\u010dje ko\u017ee u svakom trenutku.<\/p>\n","protected":false},"excerpt":{"rendered":"<p>Idealne za njegu pelenske regije kod svakog prematanja, kao i za \u010di\u0161\u0107enje lica i ruku<br \/>\nProizvod koji istovremeno \u010disti i njeguje osjetljivu bebinu ko\u017eu bez izazivanja nelagode<\/p>\n","protected":false},"featured_media":37776,"template":"","meta":{"_seopress_robots_primary_cat":"","_seopress_titles_title":"","_seopress_titles_desc":"","_seopress_robots_index":"","iawp_total_views":0},"product_brand":[803],"product_cat":[268,278],"product_tag":[],"class_list":{"0":"post-37775","1":"product","2":"type-product","3":"status-publish","4":"has-post-thumbnail","6":"product_brand-becutan","7":"product_cat-kozmetika-2","8":"product_cat-njega-tijela-268","10":"first","11":"instock","12":"shipping-taxable","13":"purchasable","14":"product-type-simple"},"_links":{"self":[{"href":"https:\/\/singuli.wpress.me\/index.php\/wp-json\/wp\/v2\/product\/37775","targetHints":{"allow":["GET"]}}],"collection":[{"href":"https:\/\/singuli.wpress.me\/index.php\/wp-json\/wp\/v2\/product"}],"about":[{"href":"https:\/\/singuli.wpress.me\/index.php\/wp-json\/wp\/v2\/types\/product"}],"version-history":[{"count":0,"href":"https:\/\/singuli.wpress.me\/index.php\/wp-json\/wp\/v2\/product\/37775\/revisions"}],"wp:featuredmedia":[{"embeddable":true,"href":"https:\/\/singuli.wpress.me\/index.php\/wp-json\/wp\/v2\/media\/37776"}],"wp:attachment":[{"href":"https:\/\/singuli.wpress.me\/index.php\/wp-json\/wp\/v2\/media?parent=37775"}],"wp:term":[{"taxonomy":"product_brand","embeddable":true,"href":"https:\/\/singuli.wpress.me\/index.php\/wp-json\/wp\/v2\/product_brand?post=37775"},{"taxonomy":"product_cat","embeddable":true,"href":"https:\/\/singuli.wpress.me\/index.php\/wp-json\/wp\/v2\/product_cat?post=37775"},{"taxonomy":"product_tag","embeddable":true,"href":"https:\/\/singuli.wpress.me\/index.php\/wp-json\/wp\/v2\/product_tag?post=37775"}],"curies":[{"name":"wp","href":"https:\/\/api.w.org\/{rel}","templated":true}]}}