{"id":37778,"date":"2026-04-18T18:07:36","date_gmt":"2026-04-18T18:07:36","guid":{"rendered":"https:\/\/singuli.wpress.me\/index.php\/proizvod\/becutan-sampon-i-kupka-200-ml\/"},"modified":"2026-04-21T00:26:52","modified_gmt":"2026-04-21T00:26:52","slug":"becutan-sampon-i-kupka-200-ml","status":"publish","type":"product","link":"https:\/\/singuli.wpress.me\/index.php\/proizvod\/becutan-sampon-i-kupka-200-ml\/","title":{"rendered":"BECUTAN, \u0161ampon i kupka, 200\u00a0ml"},"content":{"rendered":"<p>Becutan \u0161ampon i pjenu\u0161ava kupka za djecu 2u1 predstavlja prakti\u010dnu kombinaciju dvaju proizvoda koja omogu\u0107uje njegu kose te higijenu dje\u010dje ko\u017ee u jednom potezu. Formulacija je oboga\u0107ena ekstraktom aloe vere koji umiruje i \u0161titi od pojave iritacija, dok D-pantenol regulira vla\u017enost ko\u017ee i sprje\u010dava njezino isu\u0161ivanje. Nakon kori\u0161tenja, dje\u010dja ko\u017ea ostaje nje\u017ena i mekana, a kosa lagana i sjajna. Proizvod je u potpunosti prilago\u0111en potrebama djece te ne sadr\u017ei sapun, alkohol ni parabene.<\/p>\n","protected":false},"excerpt":{"rendered":"<p>Prakti\u010dno 2u1 rje\u0161enje za istovremeno pranje kose i njegu tijela u jednom koraku<br \/>\nSadr\u017ei aloe veru za za\u0161titu od iritacija i D-pantenol za odr\u017eavanje vla\u017enosti ko\u017ee<br \/>\nBlaga formulacija bez sapuna, alkohola i parabena, prilago\u0111ena dje\u010djim potrebama<\/p>\n","protected":false},"featured_media":37779,"template":"","meta":{"_seopress_robots_primary_cat":"","_seopress_titles_title":"","_seopress_titles_desc":"","_seopress_robots_index":"","iawp_total_views":0},"product_brand":[803],"product_cat":[268,300],"product_tag":[],"class_list":{"0":"post-37778","1":"product","2":"type-product","3":"status-publish","4":"has-post-thumbnail","6":"product_brand-becutan","7":"product_cat-kozmetika-2","8":"product_cat-njega-kose-268","10":"first","11":"instock","12":"shipping-taxable","13":"purchasable","14":"product-type-simple"},"_links":{"self":[{"href":"https:\/\/singuli.wpress.me\/index.php\/wp-json\/wp\/v2\/product\/37778","targetHints":{"allow":["GET"]}}],"collection":[{"href":"https:\/\/singuli.wpress.me\/index.php\/wp-json\/wp\/v2\/product"}],"about":[{"href":"https:\/\/singuli.wpress.me\/index.php\/wp-json\/wp\/v2\/types\/product"}],"version-history":[{"count":0,"href":"https:\/\/singuli.wpress.me\/index.php\/wp-json\/wp\/v2\/product\/37778\/revisions"}],"wp:featuredmedia":[{"embeddable":true,"href":"https:\/\/singuli.wpress.me\/index.php\/wp-json\/wp\/v2\/media\/37779"}],"wp:attachment":[{"href":"https:\/\/singuli.wpress.me\/index.php\/wp-json\/wp\/v2\/media?parent=37778"}],"wp:term":[{"taxonomy":"product_brand","embeddable":true,"href":"https:\/\/singuli.wpress.me\/index.php\/wp-json\/wp\/v2\/product_brand?post=37778"},{"taxonomy":"product_cat","embeddable":true,"href":"https:\/\/singuli.wpress.me\/index.php\/wp-json\/wp\/v2\/product_cat?post=37778"},{"taxonomy":"product_tag","embeddable":true,"href":"https:\/\/singuli.wpress.me\/index.php\/wp-json\/wp\/v2\/product_tag?post=37778"}],"curies":[{"name":"wp","href":"https:\/\/api.w.org\/{rel}","templated":true}]}}