{"id":37780,"date":"2026-04-18T18:07:37","date_gmt":"2026-04-18T18:07:37","guid":{"rendered":"https:\/\/singuli.wpress.me\/index.php\/proizvod\/becutan-lavanda-ulje-200-ml\/"},"modified":"2026-04-20T12:33:22","modified_gmt":"2026-04-20T12:33:22","slug":"becutan-lavanda-ulje-200-ml","status":"publish","type":"product","link":"https:\/\/singuli.wpress.me\/index.php\/proizvod\/becutan-lavanda-ulje-200-ml\/","title":{"rendered":"BECUTAN lavanda, ulje, 200\u00a0ml"},"content":{"rendered":"<p>Becutan ulje s lavandom nova je formulacija razvijena na temelju farmaceutskog znanja i trenda primjene sastojaka prirodnog podrijetla. Proizvod je oboga\u0107en prirodnim uljem lavande s hrvatskog otoka Hvara, poznatog po proizvodnji visokokvalitetnog ulja blagotvornog djelovanja. Ulje je namijenjeno njezi i za\u0161titi ko\u017ee beba i djece te ne sadr\u017ei dodane parfeme; jedinstveni miris proizvoda potje\u010de isklju\u010divo od prirodnih aromati\u010dnih komponenti lavande.<\/p>\n","protected":false},"excerpt":{"rendered":"<p>Sadr\u017ei visokokvalitetno ulje lavande s otoka Hvara, poznato po svom blagotvornom djelovanju<br \/>\nPrepoznatljiv miris proizvoda potje\u010de isklju\u010divo od prirodnih aromati\u010dnih komponenti<br \/>\nFormulacija temeljena na farmaceutskom znanju i iskustvu za njegu i za\u0161titu dje\u010dje ko\u017ee<\/p>\n","protected":false},"featured_media":37781,"template":"","meta":{"_seopress_robots_primary_cat":"","_seopress_titles_title":"","_seopress_titles_desc":"","_seopress_robots_index":"","iawp_total_views":0},"product_brand":[803],"product_cat":[268,300],"product_tag":[],"class_list":{"0":"post-37780","1":"product","2":"type-product","3":"status-publish","4":"has-post-thumbnail","6":"product_brand-becutan","7":"product_cat-kozmetika-2","8":"product_cat-njega-kose-268","10":"first","11":"instock","12":"shipping-taxable","13":"purchasable","14":"product-type-simple"},"_links":{"self":[{"href":"https:\/\/singuli.wpress.me\/index.php\/wp-json\/wp\/v2\/product\/37780","targetHints":{"allow":["GET"]}}],"collection":[{"href":"https:\/\/singuli.wpress.me\/index.php\/wp-json\/wp\/v2\/product"}],"about":[{"href":"https:\/\/singuli.wpress.me\/index.php\/wp-json\/wp\/v2\/types\/product"}],"version-history":[{"count":0,"href":"https:\/\/singuli.wpress.me\/index.php\/wp-json\/wp\/v2\/product\/37780\/revisions"}],"wp:featuredmedia":[{"embeddable":true,"href":"https:\/\/singuli.wpress.me\/index.php\/wp-json\/wp\/v2\/media\/37781"}],"wp:attachment":[{"href":"https:\/\/singuli.wpress.me\/index.php\/wp-json\/wp\/v2\/media?parent=37780"}],"wp:term":[{"taxonomy":"product_brand","embeddable":true,"href":"https:\/\/singuli.wpress.me\/index.php\/wp-json\/wp\/v2\/product_brand?post=37780"},{"taxonomy":"product_cat","embeddable":true,"href":"https:\/\/singuli.wpress.me\/index.php\/wp-json\/wp\/v2\/product_cat?post=37780"},{"taxonomy":"product_tag","embeddable":true,"href":"https:\/\/singuli.wpress.me\/index.php\/wp-json\/wp\/v2\/product_tag?post=37780"}],"curies":[{"name":"wp","href":"https:\/\/api.w.org\/{rel}","templated":true}]}}