{"id":37782,"date":"2026-04-18T18:07:37","date_gmt":"2026-04-18T18:07:37","guid":{"rendered":"https:\/\/singuli.wpress.me\/index.php\/proizvod\/becutan-kamilica-sapun-90-g\/"},"modified":"2026-04-20T12:33:22","modified_gmt":"2026-04-20T12:33:22","slug":"becutan-kamilica-sapun-90-g","status":"publish","type":"product","link":"https:\/\/singuli.wpress.me\/index.php\/proizvod\/becutan-kamilica-sapun-90-g\/","title":{"rendered":"BECUTAN kamilica, sapun, 90\u00a0g"},"content":{"rendered":"<p>Becutan dje\u010dji sapun s ekstraktom kamilice i D-pantenolom namijenjen je za nje\u017eno \u010di\u0161\u0107enje i istovremenu njegu dje\u010dje ko\u017ee. Formulacija je oboga\u0107ena prirodnim sastojcima s hidratantnim svojstvima. Ekstrakt kamilice djeluje na sprje\u010davanje crvenila, dok D-pantenol regulira vla\u017enost ko\u017ee te doprinosi pobolj\u0161anju njezinog izgleda i funkcije<\/p>\n","protected":false},"excerpt":{"rendered":"<p>Sadr\u017ei ekstrakt kamilice koji sprje\u010dava pojavu crvenila na osjetljivoj ko\u017ei<br \/>\nOboga\u0107en D-pantenolom koji odr\u017eava vla\u017enost i pobolj\u0161ava funkciju ko\u017ee<br \/>\nSadr\u017ei prirodne sastojke s hidratantnim svojstvima za nje\u017eno \u010di\u0161\u0107enje<\/p>\n","protected":false},"featured_media":37783,"template":"","meta":{"_seopress_robots_primary_cat":"","_seopress_titles_title":"","_seopress_titles_desc":"","_seopress_robots_index":"","iawp_total_views":0},"product_brand":[803],"product_cat":[268,278],"product_tag":[],"class_list":{"0":"post-37782","1":"product","2":"type-product","3":"status-publish","4":"has-post-thumbnail","6":"product_brand-becutan","7":"product_cat-kozmetika-2","8":"product_cat-njega-tijela-268","10":"first","11":"instock","12":"shipping-taxable","13":"purchasable","14":"product-type-simple"},"_links":{"self":[{"href":"https:\/\/singuli.wpress.me\/index.php\/wp-json\/wp\/v2\/product\/37782","targetHints":{"allow":["GET"]}}],"collection":[{"href":"https:\/\/singuli.wpress.me\/index.php\/wp-json\/wp\/v2\/product"}],"about":[{"href":"https:\/\/singuli.wpress.me\/index.php\/wp-json\/wp\/v2\/types\/product"}],"version-history":[{"count":0,"href":"https:\/\/singuli.wpress.me\/index.php\/wp-json\/wp\/v2\/product\/37782\/revisions"}],"wp:featuredmedia":[{"embeddable":true,"href":"https:\/\/singuli.wpress.me\/index.php\/wp-json\/wp\/v2\/media\/37783"}],"wp:attachment":[{"href":"https:\/\/singuli.wpress.me\/index.php\/wp-json\/wp\/v2\/media?parent=37782"}],"wp:term":[{"taxonomy":"product_brand","embeddable":true,"href":"https:\/\/singuli.wpress.me\/index.php\/wp-json\/wp\/v2\/product_brand?post=37782"},{"taxonomy":"product_cat","embeddable":true,"href":"https:\/\/singuli.wpress.me\/index.php\/wp-json\/wp\/v2\/product_cat?post=37782"},{"taxonomy":"product_tag","embeddable":true,"href":"https:\/\/singuli.wpress.me\/index.php\/wp-json\/wp\/v2\/product_tag?post=37782"}],"curies":[{"name":"wp","href":"https:\/\/api.w.org\/{rel}","templated":true}]}}