{"id":37788,"date":"2026-04-18T18:07:38","date_gmt":"2026-04-18T18:07:38","guid":{"rendered":"https:\/\/singuli.wpress.me\/index.php\/proizvod\/becutan-4x72-vlazne-maramice\/"},"modified":"2026-04-20T12:33:22","modified_gmt":"2026-04-20T12:33:22","slug":"becutan-4x72-vlazne-maramice","status":"publish","type":"product","link":"https:\/\/singuli.wpress.me\/index.php\/proizvod\/becutan-4x72-vlazne-maramice\/","title":{"rendered":"BECUTAN 4&#215;72, vla\u017ene maramice"},"content":{"rendered":"<p>Becutan vla\u017ene maramice idealno su rje\u0161enje za temeljito \u010di\u0161\u0107enje i nje\u017enu njegu ko\u017ee prilikom svakog prematanja. Osim za pelensku regiju, ove su maramice izvrsne za odr\u017eavanje higijene bebinog lica i ru\u010dica, osiguravaju\u0107i prakti\u010dnost i \u010disto\u0107u u svakom trenutku.<\/p>\n","protected":false},"excerpt":{"rendered":"<p>Namijenjene \u010di\u0161\u0107enju ko\u017ee kod svakog prematanja te osjetljivih dijelova poput lica i ruku<br \/>\nFormulacija koja u\u010dinkovito uklanja ne\u010disto\u0107e dok istovremeno brine o meko\u0107i dje\u010dje ko\u017ee<br \/>\nIdealno za upotrebu kod ku\u0107e ili na putovanjima za brzu i laku higijenu<\/p>\n","protected":false},"featured_media":37789,"template":"","meta":{"_seopress_robots_primary_cat":"","_seopress_titles_title":"","_seopress_titles_desc":"","_seopress_robots_index":"","iawp_total_views":0},"product_brand":[803],"product_cat":[268,278],"product_tag":[],"class_list":{"0":"post-37788","1":"product","2":"type-product","3":"status-publish","4":"has-post-thumbnail","6":"product_brand-becutan","7":"product_cat-kozmetika-2","8":"product_cat-njega-tijela-268","10":"first","11":"instock","12":"shipping-taxable","13":"purchasable","14":"product-type-simple"},"_links":{"self":[{"href":"https:\/\/singuli.wpress.me\/index.php\/wp-json\/wp\/v2\/product\/37788","targetHints":{"allow":["GET"]}}],"collection":[{"href":"https:\/\/singuli.wpress.me\/index.php\/wp-json\/wp\/v2\/product"}],"about":[{"href":"https:\/\/singuli.wpress.me\/index.php\/wp-json\/wp\/v2\/types\/product"}],"version-history":[{"count":0,"href":"https:\/\/singuli.wpress.me\/index.php\/wp-json\/wp\/v2\/product\/37788\/revisions"}],"wp:featuredmedia":[{"embeddable":true,"href":"https:\/\/singuli.wpress.me\/index.php\/wp-json\/wp\/v2\/media\/37789"}],"wp:attachment":[{"href":"https:\/\/singuli.wpress.me\/index.php\/wp-json\/wp\/v2\/media?parent=37788"}],"wp:term":[{"taxonomy":"product_brand","embeddable":true,"href":"https:\/\/singuli.wpress.me\/index.php\/wp-json\/wp\/v2\/product_brand?post=37788"},{"taxonomy":"product_cat","embeddable":true,"href":"https:\/\/singuli.wpress.me\/index.php\/wp-json\/wp\/v2\/product_cat?post=37788"},{"taxonomy":"product_tag","embeddable":true,"href":"https:\/\/singuli.wpress.me\/index.php\/wp-json\/wp\/v2\/product_tag?post=37788"}],"curies":[{"name":"wp","href":"https:\/\/api.w.org\/{rel}","templated":true}]}}