{"id":37792,"date":"2026-04-18T18:07:39","date_gmt":"2026-04-18T18:07:39","guid":{"rendered":"https:\/\/singuli.wpress.me\/index.php\/proizvod\/becutan-12-1-kapsule-za-pranje-rublja\/"},"modified":"2026-04-20T12:33:22","modified_gmt":"2026-04-20T12:33:22","slug":"becutan-12-1-kapsule-za-pranje-rublja","status":"publish","type":"product","link":"https:\/\/singuli.wpress.me\/index.php\/proizvod\/becutan-12-1-kapsule-za-pranje-rublja\/","title":{"rendered":"BECUTAN 12\/1, kapsule za pranje rublja"},"content":{"rendered":"<p>Becutan kapsule za pranje rublja donose inovativnu i visoko koncentriranu formulu s aktivnim sastojcima koji u\u010dinkovito uklanjaju ne\u010disto\u0107e, istovremeno pru\u017eaju\u0107i nje\u017enost tkanini zahvaljuju\u0107i bazi od prirodnog sapuna. Ove su kapsule ekolo\u0161ki osvije\u0161ten izbor jer ne sadr\u017ee fosfate ni mikroplastiku, a pakiranje sadr\u017ei 30 % manje plastike. Prakti\u010dne su i jednostavne za uporabu jer sadr\u017ee to\u010dno izmjerenu dozu teku\u0107eg deterd\u017eenta koja se potpuno otapa u vodi, osiguravaju\u0107i vrhunske rezultate pranja uz minimalan napor.<\/p>\n","protected":false},"excerpt":{"rendered":"<p>Aktivni sastojci temeljito \u010diste rublje uz maksimalnu nje\u017enost prema osjetljivoj ko\u017ei i tkanini<br \/>\nProizvod bez fosfata i mikroplastike, s ambala\u017eom koja koristi 30 % manje plastike<br \/>\nKapsule su potpuno topive u vodi, ostavljaju\u0107i rublje \u010distim i mirisnim bez tragova deterd\u017eenta<\/p>\n","protected":false},"featured_media":37793,"template":"","meta":{"_seopress_robots_primary_cat":"","_seopress_titles_title":"","_seopress_titles_desc":"","_seopress_robots_index":"","iawp_total_views":0},"product_brand":[803],"product_cat":[283,238],"product_tag":[],"class_list":{"0":"post-37792","1":"product","2":"type-product","3":"status-publish","4":"has-post-thumbnail","6":"product_brand-becutan","7":"product_cat-pranje-rublja-238","8":"product_cat-sve-za-dom","10":"first","11":"instock","12":"shipping-taxable","13":"purchasable","14":"product-type-simple"},"_links":{"self":[{"href":"https:\/\/singuli.wpress.me\/index.php\/wp-json\/wp\/v2\/product\/37792","targetHints":{"allow":["GET"]}}],"collection":[{"href":"https:\/\/singuli.wpress.me\/index.php\/wp-json\/wp\/v2\/product"}],"about":[{"href":"https:\/\/singuli.wpress.me\/index.php\/wp-json\/wp\/v2\/types\/product"}],"version-history":[{"count":0,"href":"https:\/\/singuli.wpress.me\/index.php\/wp-json\/wp\/v2\/product\/37792\/revisions"}],"wp:featuredmedia":[{"embeddable":true,"href":"https:\/\/singuli.wpress.me\/index.php\/wp-json\/wp\/v2\/media\/37793"}],"wp:attachment":[{"href":"https:\/\/singuli.wpress.me\/index.php\/wp-json\/wp\/v2\/media?parent=37792"}],"wp:term":[{"taxonomy":"product_brand","embeddable":true,"href":"https:\/\/singuli.wpress.me\/index.php\/wp-json\/wp\/v2\/product_brand?post=37792"},{"taxonomy":"product_cat","embeddable":true,"href":"https:\/\/singuli.wpress.me\/index.php\/wp-json\/wp\/v2\/product_cat?post=37792"},{"taxonomy":"product_tag","embeddable":true,"href":"https:\/\/singuli.wpress.me\/index.php\/wp-json\/wp\/v2\/product_tag?post=37792"}],"curies":[{"name":"wp","href":"https:\/\/api.w.org\/{rel}","templated":true}]}}