{"id":37796,"date":"2026-04-18T18:07:39","date_gmt":"2026-04-18T18:07:39","guid":{"rendered":"https:\/\/singuli.wpress.me\/index.php\/proizvod\/radgonske-gorice-penina-srebrna-semi-dry-pjenusac-0-75-ml\/"},"modified":"2026-04-20T12:33:22","modified_gmt":"2026-04-20T12:33:22","slug":"radgonske-gorice-penina-srebrna-semi-dry-pjenusac-0-75-ml","status":"publish","type":"product","link":"https:\/\/singuli.wpress.me\/index.php\/proizvod\/radgonske-gorice-penina-srebrna-semi-dry-pjenusac-0-75-ml\/","title":{"rendered":"RADGONSKE GORICE Penina Srebrna Semi Dry, pjenu\u0161ac, 0.75\u00a0ml"},"content":{"rendered":"<p>Ovaj legendarni pjenu\u0161ac s razlogom nosi titulu omiljenog izbora koji se naj\u010de\u0161\u0107e nalazi u domovima ljubitelja dobrih mjehuri\u0107a. Njegova duga tradicija i prepoznatljivost \u010dine ga nezaobilaznim dijelom svake sve\u010danosti, dok ga mladena\u010dki izgled i okus \u010dine posebno popularnim me\u0111u \u017eenskom publikom i mla\u0111im generacijama.<\/p>\n<p>Nje\u017ena \u017euta boja sa zlatnim odsjajem mami na u\u017eivanje, a tihi \u0161um svje\u017ee otvorene boce najavljuje trenutke \u010distog zadovoljstva. Ovo je polusuho vino koje osvaja svojom pitko\u0161\u0107u i \u0161armom.<\/p>\n","protected":false},"excerpt":{"rendered":"<p>Volumen alkohola: 11,5 % vol.<br \/>\nIdealna temperatura poslu\u017eivanja: 6 \u2013 8 \u00b0C.<br \/>\nGastro preporuka: Savr\u0161en pratitelj uz pikantna jela, BBQ, doma\u0107e nareske i sireve te razne tjestenine.<\/p>\n","protected":false},"featured_media":37797,"template":"","meta":{"_seopress_robots_primary_cat":"","_seopress_titles_title":"","_seopress_titles_desc":"","_seopress_robots_index":"","iawp_total_views":0},"product_brand":[805],"product_cat":[298,261],"product_tag":[],"class_list":{"0":"post-37796","1":"product","2":"type-product","3":"status-publish","4":"has-post-thumbnail","6":"product_brand-radgonske-gorice","7":"product_cat-alkoholna-pica-261","8":"product_cat-hrana-i-pice","10":"first","11":"instock","12":"shipping-taxable","13":"purchasable","14":"product-type-simple"},"_links":{"self":[{"href":"https:\/\/singuli.wpress.me\/index.php\/wp-json\/wp\/v2\/product\/37796","targetHints":{"allow":["GET"]}}],"collection":[{"href":"https:\/\/singuli.wpress.me\/index.php\/wp-json\/wp\/v2\/product"}],"about":[{"href":"https:\/\/singuli.wpress.me\/index.php\/wp-json\/wp\/v2\/types\/product"}],"version-history":[{"count":0,"href":"https:\/\/singuli.wpress.me\/index.php\/wp-json\/wp\/v2\/product\/37796\/revisions"}],"wp:featuredmedia":[{"embeddable":true,"href":"https:\/\/singuli.wpress.me\/index.php\/wp-json\/wp\/v2\/media\/37797"}],"wp:attachment":[{"href":"https:\/\/singuli.wpress.me\/index.php\/wp-json\/wp\/v2\/media?parent=37796"}],"wp:term":[{"taxonomy":"product_brand","embeddable":true,"href":"https:\/\/singuli.wpress.me\/index.php\/wp-json\/wp\/v2\/product_brand?post=37796"},{"taxonomy":"product_cat","embeddable":true,"href":"https:\/\/singuli.wpress.me\/index.php\/wp-json\/wp\/v2\/product_cat?post=37796"},{"taxonomy":"product_tag","embeddable":true,"href":"https:\/\/singuli.wpress.me\/index.php\/wp-json\/wp\/v2\/product_tag?post=37796"}],"curies":[{"name":"wp","href":"https:\/\/api.w.org\/{rel}","templated":true}]}}