{"id":37800,"date":"2026-04-18T18:07:40","date_gmt":"2026-04-18T18:07:40","guid":{"rendered":"https:\/\/singuli.wpress.me\/index.php\/proizvod\/becutan-48-1-vlazne-maramice-2\/"},"modified":"2026-04-21T00:26:52","modified_gmt":"2026-04-21T00:26:52","slug":"becutan-48-1-vlazne-maramice-2","status":"publish","type":"product","link":"https:\/\/singuli.wpress.me\/index.php\/proizvod\/becutan-48-1-vlazne-maramice-2\/","title":{"rendered":"BECUTAN 48\/1, vla\u017ene maramice"},"content":{"rendered":"<p>Becutan vla\u017ene maramice namijenjene su temeljitom \u010di\u0161\u0107enju i njezi ko\u017ee kod svakog prematanja, a izvrsne su i za odr\u017eavanje higijene bebinog lica i ru\u010dica. Maramice su mekane strukture i oboga\u0107ene bademovim uljem koje poma\u017ee u za\u0161titi ko\u017ee od iritacija te u\u010dinkovito smiruje crvenilo. Prilikom \u010di\u0161\u0107enja, na povr\u0161ini ko\u017ee ostavljaju tanak za\u0161titni sloj koji je dodatno njeguje te je odr\u017eava zdravom i \u010distom. Proizvod je pH neutralan i ne sadr\u017ei alkohol.<\/p>\n","protected":false},"excerpt":{"rendered":"<p>Prirodno ulje badema poma\u017ee u za\u0161titi osjetljive ko\u017ee i smirivanju crvenila<br \/>\nNakon kori\u0161tenja ostavljaju lagani sloj koji aktivno njeguje i \u0161titi ko\u017eu od vanjskih utjecaja<br \/>\nIzrazito nje\u017ena struktura maramica prilago\u0111ena svakodnevnom \u010di\u0161\u0107enju lica, ruku i pelenske regije<\/p>\n","protected":false},"featured_media":37801,"template":"","meta":{"_seopress_robots_primary_cat":"","_seopress_titles_title":"","_seopress_titles_desc":"","_seopress_robots_index":"","iawp_total_views":0},"product_brand":[803],"product_cat":[268,278],"product_tag":[],"class_list":{"0":"post-37800","1":"product","2":"type-product","3":"status-publish","4":"has-post-thumbnail","6":"product_brand-becutan","7":"product_cat-kozmetika-2","8":"product_cat-njega-tijela-268","10":"first","11":"instock","12":"shipping-taxable","13":"purchasable","14":"product-type-simple"},"_links":{"self":[{"href":"https:\/\/singuli.wpress.me\/index.php\/wp-json\/wp\/v2\/product\/37800","targetHints":{"allow":["GET"]}}],"collection":[{"href":"https:\/\/singuli.wpress.me\/index.php\/wp-json\/wp\/v2\/product"}],"about":[{"href":"https:\/\/singuli.wpress.me\/index.php\/wp-json\/wp\/v2\/types\/product"}],"version-history":[{"count":0,"href":"https:\/\/singuli.wpress.me\/index.php\/wp-json\/wp\/v2\/product\/37800\/revisions"}],"wp:featuredmedia":[{"embeddable":true,"href":"https:\/\/singuli.wpress.me\/index.php\/wp-json\/wp\/v2\/media\/37801"}],"wp:attachment":[{"href":"https:\/\/singuli.wpress.me\/index.php\/wp-json\/wp\/v2\/media?parent=37800"}],"wp:term":[{"taxonomy":"product_brand","embeddable":true,"href":"https:\/\/singuli.wpress.me\/index.php\/wp-json\/wp\/v2\/product_brand?post=37800"},{"taxonomy":"product_cat","embeddable":true,"href":"https:\/\/singuli.wpress.me\/index.php\/wp-json\/wp\/v2\/product_cat?post=37800"},{"taxonomy":"product_tag","embeddable":true,"href":"https:\/\/singuli.wpress.me\/index.php\/wp-json\/wp\/v2\/product_tag?post=37800"}],"curies":[{"name":"wp","href":"https:\/\/api.w.org\/{rel}","templated":true}]}}