{"id":37814,"date":"2026-04-18T18:07:43","date_gmt":"2026-04-18T18:07:43","guid":{"rendered":"https:\/\/singuli.wpress.me\/index.php\/proizvod\/radgonske-gorice-penina-zlata-extra-dry-pjenusac-0-75-ml\/"},"modified":"2026-04-20T12:33:22","modified_gmt":"2026-04-20T12:33:22","slug":"radgonske-gorice-penina-zlata-extra-dry-pjenusac-0-75-ml","status":"publish","type":"product","link":"https:\/\/singuli.wpress.me\/index.php\/proizvod\/radgonske-gorice-penina-zlata-extra-dry-pjenusac-0-75-ml\/","title":{"rendered":"RADGONSKE GORICE Penina Zlata Extra Dry, pjenu\u0161ac, 0.75\u00a0ml"},"content":{"rendered":"<p>\u010ca\u0161a ispunjena briljantnom, svijetlo\u017eutom bojom i sna\u017enim, postojanim mjehuri\u0107ima najavljuje vrhunski vinski do\u017eivljaj. Ovaj pjenu\u0161ac odlikuje se izvanrednom vo\u0107no\u0161\u0107u, gdje se u mirisu i aromi skladno isprepli\u0107u note zelene jabuke, kru\u0161ke, ananasa i citrusa.<\/p>\n<p>Iako je vrlo suh, na nepcu je izuzetno ugodan i nimalo opor, s nje\u017enim dodirom kakaa u zavr\u0161nici koji otkriva svu profinjenost ovog plemenitog pi\u0107a. Idealan je izbor za one koji cijene eleganciju \u010diste sorte i svje\u017einu vrhunskih mjehuri\u0107a.<\/p>\n","protected":false},"excerpt":{"rendered":"<p>Volumen alkohola: 12,0 % vol.<br \/>\nSastav: 100% Chardonnay<br \/>\nGastro preporuka: Savr\u0161eno se ljubi s pr\u0161utom i dinjom, burratom, tjesteninama te raznim pr\u017eenim zalogajima<\/p>\n","protected":false},"featured_media":37815,"template":"","meta":{"_seopress_robots_primary_cat":"","_seopress_titles_title":"","_seopress_titles_desc":"","_seopress_robots_index":"","iawp_total_views":0},"product_brand":[805],"product_cat":[298,261],"product_tag":[],"class_list":{"0":"post-37814","1":"product","2":"type-product","3":"status-publish","4":"has-post-thumbnail","6":"product_brand-radgonske-gorice","7":"product_cat-alkoholna-pica-261","8":"product_cat-hrana-i-pice","10":"first","11":"instock","12":"shipping-taxable","13":"purchasable","14":"product-type-simple"},"_links":{"self":[{"href":"https:\/\/singuli.wpress.me\/index.php\/wp-json\/wp\/v2\/product\/37814","targetHints":{"allow":["GET"]}}],"collection":[{"href":"https:\/\/singuli.wpress.me\/index.php\/wp-json\/wp\/v2\/product"}],"about":[{"href":"https:\/\/singuli.wpress.me\/index.php\/wp-json\/wp\/v2\/types\/product"}],"version-history":[{"count":0,"href":"https:\/\/singuli.wpress.me\/index.php\/wp-json\/wp\/v2\/product\/37814\/revisions"}],"wp:featuredmedia":[{"embeddable":true,"href":"https:\/\/singuli.wpress.me\/index.php\/wp-json\/wp\/v2\/media\/37815"}],"wp:attachment":[{"href":"https:\/\/singuli.wpress.me\/index.php\/wp-json\/wp\/v2\/media?parent=37814"}],"wp:term":[{"taxonomy":"product_brand","embeddable":true,"href":"https:\/\/singuli.wpress.me\/index.php\/wp-json\/wp\/v2\/product_brand?post=37814"},{"taxonomy":"product_cat","embeddable":true,"href":"https:\/\/singuli.wpress.me\/index.php\/wp-json\/wp\/v2\/product_cat?post=37814"},{"taxonomy":"product_tag","embeddable":true,"href":"https:\/\/singuli.wpress.me\/index.php\/wp-json\/wp\/v2\/product_tag?post=37814"}],"curies":[{"name":"wp","href":"https:\/\/api.w.org\/{rel}","templated":true}]}}