{"id":37816,"date":"2026-04-18T18:07:43","date_gmt":"2026-04-18T18:07:43","guid":{"rendered":"https:\/\/singuli.wpress.me\/index.php\/proizvod\/radgonske-gorice-penina-srebrna-muskat-pjenusac-0-75-ml\/"},"modified":"2026-04-20T12:33:22","modified_gmt":"2026-04-20T12:33:22","slug":"radgonske-gorice-penina-srebrna-muskat-pjenusac-0-75-ml","status":"publish","type":"product","link":"https:\/\/singuli.wpress.me\/index.php\/proizvod\/radgonske-gorice-penina-srebrna-muskat-pjenusac-0-75-ml\/","title":{"rendered":"RADGONSKE GORICE Penina Srebrna mu\u0161kat, pjenu\u0161ac, 0.75\u00a0ml"},"content":{"rendered":"<p>Obitelj srebrnih radgonskih pjenu\u0161aca 2018. godine postala je bogatija za sortu Mu\u0161kat, koja u svijet mjehuri\u0107a unosi posve novu dimenziju. U nje\u017enim \u017eutim nijansama ovog opojnog pi\u0107a otkrivamo tipi\u010dan karakter \u017eutog mu\u0161kata koji ga \u010dini trenutno prepoznatljivim i jedinstvenim me\u0111u ostalim pjenu\u0161avim vinima.<\/p>\n<p>Kako bi se zadr\u017eala maksimalna aromati\u010dnost i svje\u017eina, ovaj pjenu\u0161ac odle\u017eava na kvascima samo kratko vrijeme. Rezultat je pi\u0107e koje impresionira svojom intenzivnom aromom, dok istovremeno osvaja svojom lako\u0107om i \u017eivahno\u0161\u0107u. Idealno za one koji tra\u017ee prepoznatljiv stil i vrhunsku pitkost.<\/p>\n","protected":false},"excerpt":{"rendered":"<p>Volumen alkohola: 11,5 % vol.<br \/>\nSorta: \u017duti mu\u0161kat<br \/>\nGastro preporuka: Savr\u0161en uz deserte, vo\u0107e, plavi sir s medom te aromati\u010dna i za\u010dinjena jela<\/p>\n","protected":false},"featured_media":37817,"template":"","meta":{"_seopress_robots_primary_cat":"","_seopress_titles_title":"","_seopress_titles_desc":"","_seopress_robots_index":"","iawp_total_views":0},"product_brand":[805],"product_cat":[298,261],"product_tag":[],"class_list":{"0":"post-37816","1":"product","2":"type-product","3":"status-publish","4":"has-post-thumbnail","6":"product_brand-radgonske-gorice","7":"product_cat-alkoholna-pica-261","8":"product_cat-hrana-i-pice","10":"first","11":"instock","12":"shipping-taxable","13":"purchasable","14":"product-type-simple"},"_links":{"self":[{"href":"https:\/\/singuli.wpress.me\/index.php\/wp-json\/wp\/v2\/product\/37816","targetHints":{"allow":["GET"]}}],"collection":[{"href":"https:\/\/singuli.wpress.me\/index.php\/wp-json\/wp\/v2\/product"}],"about":[{"href":"https:\/\/singuli.wpress.me\/index.php\/wp-json\/wp\/v2\/types\/product"}],"version-history":[{"count":0,"href":"https:\/\/singuli.wpress.me\/index.php\/wp-json\/wp\/v2\/product\/37816\/revisions"}],"wp:featuredmedia":[{"embeddable":true,"href":"https:\/\/singuli.wpress.me\/index.php\/wp-json\/wp\/v2\/media\/37817"}],"wp:attachment":[{"href":"https:\/\/singuli.wpress.me\/index.php\/wp-json\/wp\/v2\/media?parent=37816"}],"wp:term":[{"taxonomy":"product_brand","embeddable":true,"href":"https:\/\/singuli.wpress.me\/index.php\/wp-json\/wp\/v2\/product_brand?post=37816"},{"taxonomy":"product_cat","embeddable":true,"href":"https:\/\/singuli.wpress.me\/index.php\/wp-json\/wp\/v2\/product_cat?post=37816"},{"taxonomy":"product_tag","embeddable":true,"href":"https:\/\/singuli.wpress.me\/index.php\/wp-json\/wp\/v2\/product_tag?post=37816"}],"curies":[{"name":"wp","href":"https:\/\/api.w.org\/{rel}","templated":true}]}}