{"id":37818,"date":"2026-04-18T18:07:44","date_gmt":"2026-04-18T18:07:44","guid":{"rendered":"https:\/\/singuli.wpress.me\/index.php\/proizvod\/radgonske-gorice-penina-zlata-rose-pjenusac-0-75-ml\/"},"modified":"2026-04-20T12:33:22","modified_gmt":"2026-04-20T12:33:22","slug":"radgonske-gorice-penina-zlata-rose-pjenusac-0-75-ml","status":"publish","type":"product","link":"https:\/\/singuli.wpress.me\/index.php\/proizvod\/radgonske-gorice-penina-zlata-rose-pjenusac-0-75-ml\/","title":{"rendered":"RADGONSKE GORICE Penina Zlata Rose, pjenu\u0161ac, 0.75\u00a0ml"},"content":{"rendered":"<p>Otkrijte profinjenost u svakom mjehuri\u0107u ovog vrhunskog pjenu\u0161ca dobivenog isklju\u010divo od sorte crni pinot (Pinot Noir). Njegov karakter odlikuje se elegancijom i svje\u017einom koja je tipi\u010dna za ovu plemenitu sortu, pru\u017eaju\u0107i suh, ali iznimno skladan do\u017eivljaj na nepcu.<\/p>\n<p>Ovaj pjenu\u0161ac predstavlja savr\u0161en balans izme\u0111u postojanih mjehuri\u0107a i delikatnih vo\u0107nih nota, \u0161to ga \u010dini vrhunskim izborom za sve\u010dane trenutke ili kao profinjenu pratnju jelima. Njegova struktura i svje\u017eina zadovoljit \u0107e i najzahtjevnije ljubitelje pjenu\u0161avih vina.<\/p>\n","protected":false},"excerpt":{"rendered":"<p>Volumen alkohola: 12,0 % vol<br \/>\nSastav: 100% Pinot Noir (Crni pinot).<br \/>\nGastro preporuka: Idealno se sla\u017ee uz plodove mora, losos, doma\u0107e nareske te lagane tjestenine i ri\u017eota<\/p>\n","protected":false},"featured_media":37819,"template":"","meta":{"_seopress_robots_primary_cat":"","_seopress_titles_title":"","_seopress_titles_desc":"","_seopress_robots_index":"","iawp_total_views":0},"product_brand":[805],"product_cat":[298,261],"product_tag":[],"class_list":{"0":"post-37818","1":"product","2":"type-product","3":"status-publish","4":"has-post-thumbnail","6":"product_brand-radgonske-gorice","7":"product_cat-alkoholna-pica-261","8":"product_cat-hrana-i-pice","10":"first","11":"instock","12":"shipping-taxable","13":"purchasable","14":"product-type-simple"},"_links":{"self":[{"href":"https:\/\/singuli.wpress.me\/index.php\/wp-json\/wp\/v2\/product\/37818","targetHints":{"allow":["GET"]}}],"collection":[{"href":"https:\/\/singuli.wpress.me\/index.php\/wp-json\/wp\/v2\/product"}],"about":[{"href":"https:\/\/singuli.wpress.me\/index.php\/wp-json\/wp\/v2\/types\/product"}],"version-history":[{"count":0,"href":"https:\/\/singuli.wpress.me\/index.php\/wp-json\/wp\/v2\/product\/37818\/revisions"}],"wp:featuredmedia":[{"embeddable":true,"href":"https:\/\/singuli.wpress.me\/index.php\/wp-json\/wp\/v2\/media\/37819"}],"wp:attachment":[{"href":"https:\/\/singuli.wpress.me\/index.php\/wp-json\/wp\/v2\/media?parent=37818"}],"wp:term":[{"taxonomy":"product_brand","embeddable":true,"href":"https:\/\/singuli.wpress.me\/index.php\/wp-json\/wp\/v2\/product_brand?post=37818"},{"taxonomy":"product_cat","embeddable":true,"href":"https:\/\/singuli.wpress.me\/index.php\/wp-json\/wp\/v2\/product_cat?post=37818"},{"taxonomy":"product_tag","embeddable":true,"href":"https:\/\/singuli.wpress.me\/index.php\/wp-json\/wp\/v2\/product_tag?post=37818"}],"curies":[{"name":"wp","href":"https:\/\/api.w.org\/{rel}","templated":true}]}}