{"id":37820,"date":"2026-04-18T18:07:44","date_gmt":"2026-04-18T18:07:44","guid":{"rendered":"https:\/\/singuli.wpress.me\/index.php\/proizvod\/radgonske-gorice-penina-bezalkoholna-pjenusac-0-75-ml\/"},"modified":"2026-04-20T12:33:22","modified_gmt":"2026-04-20T12:33:22","slug":"radgonske-gorice-penina-bezalkoholna-pjenusac-0-75-ml","status":"publish","type":"product","link":"https:\/\/singuli.wpress.me\/index.php\/proizvod\/radgonske-gorice-penina-bezalkoholna-pjenusac-0-75-ml\/","title":{"rendered":"RADGONSKE GORICE Penina bezalkoholna, pjenu\u0161ac, 0.75\u00a0ml"},"content":{"rendered":"<p>U\u017eivajte u vrhunskom do\u017eivljaju mjehuri\u0107a bez grama alkohola! Ovo dealkoholizirano gazirano pjenu\u0161avo vino prirodni je proizvod dobiven procesom dealkoholizacije pa\u017eljivo odabranog vina. Karakterizira ga ugodna svje\u017eina s nagla\u0161enim kiselinama koje mu daju citrusne note i poletnost.<\/p>\n<p>Savr\u0161en balans ostatka \u0161e\u0107era i kiselina spaja se u skladnu cjelinu, \u010dine\u0107i ovaj proizvod iznimno pitkim i osvje\u017eavaju\u0107im. Idealno rje\u0161enje za sve one koji \u017eele nazdraviti u svakoj prilici, zadr\u017eavaju\u0107i bistru glavu i u\u017eivaju\u0107i u prirodnom okusu vina.<\/p>\n","protected":false},"excerpt":{"rendered":"<p>Volumen alkohola: 0,0 % vol.<br \/>\nKarakter: Izrazito svje\u017ee s ugodnim citrusnim notama.<br \/>\nGastro preporuka: Izvrsno uz lagana i svje\u017ea jela, ribu, povr\u0107e te vo\u0107ne deserte.<\/p>\n","protected":false},"featured_media":37821,"template":"","meta":{"_seopress_robots_primary_cat":"","_seopress_titles_title":"","_seopress_titles_desc":"","_seopress_robots_index":"","iawp_total_views":0},"product_brand":[805],"product_cat":[298,261],"product_tag":[],"class_list":{"0":"post-37820","1":"product","2":"type-product","3":"status-publish","4":"has-post-thumbnail","6":"product_brand-radgonske-gorice","7":"product_cat-alkoholna-pica-261","8":"product_cat-hrana-i-pice","10":"first","11":"instock","12":"shipping-taxable","13":"purchasable","14":"product-type-simple"},"_links":{"self":[{"href":"https:\/\/singuli.wpress.me\/index.php\/wp-json\/wp\/v2\/product\/37820","targetHints":{"allow":["GET"]}}],"collection":[{"href":"https:\/\/singuli.wpress.me\/index.php\/wp-json\/wp\/v2\/product"}],"about":[{"href":"https:\/\/singuli.wpress.me\/index.php\/wp-json\/wp\/v2\/types\/product"}],"version-history":[{"count":0,"href":"https:\/\/singuli.wpress.me\/index.php\/wp-json\/wp\/v2\/product\/37820\/revisions"}],"wp:featuredmedia":[{"embeddable":true,"href":"https:\/\/singuli.wpress.me\/index.php\/wp-json\/wp\/v2\/media\/37821"}],"wp:attachment":[{"href":"https:\/\/singuli.wpress.me\/index.php\/wp-json\/wp\/v2\/media?parent=37820"}],"wp:term":[{"taxonomy":"product_brand","embeddable":true,"href":"https:\/\/singuli.wpress.me\/index.php\/wp-json\/wp\/v2\/product_brand?post=37820"},{"taxonomy":"product_cat","embeddable":true,"href":"https:\/\/singuli.wpress.me\/index.php\/wp-json\/wp\/v2\/product_cat?post=37820"},{"taxonomy":"product_tag","embeddable":true,"href":"https:\/\/singuli.wpress.me\/index.php\/wp-json\/wp\/v2\/product_tag?post=37820"}],"curies":[{"name":"wp","href":"https:\/\/api.w.org\/{rel}","templated":true}]}}