{"id":37824,"date":"2026-04-18T18:07:45","date_gmt":"2026-04-18T18:07:45","guid":{"rendered":"https:\/\/singuli.wpress.me\/index.php\/proizvod\/disney-stitch-igra-logike-i-brojeva-edukativna-igra-1-kom\/"},"modified":"2026-04-20T12:33:22","modified_gmt":"2026-04-20T12:33:22","slug":"disney-stitch-igra-logike-i-brojeva-edukativna-igra-1-kom","status":"publish","type":"product","link":"https:\/\/singuli.wpress.me\/index.php\/proizvod\/disney-stitch-igra-logike-i-brojeva-edukativna-igra-1-kom\/","title":{"rendered":"DISNEY STITCH igra logike i brojeva, edukativna igra, 1\u00a0kom"},"content":{"rendered":"<p>Zabavna edukativna igra za u\u010denje brojanja u dru\u0161tvu popularnog i nesta\u0161nog lika Stitcha iz Disneyjevog svijeta! Djeca kroz igru razvijaju logi\u010dko razmi\u0161ljanje, koncentraciju i osnovne matemati\u010dke vje\u0161tine poput prepoznavanja brojeva i jednostavnog zbrajanja. \u0160areni elementi i motivi simpati\u010dnog Stitcha \u010dine u\u010denje jo\u0161 zanimljivijim i poti\u010du djecu na igru i istra\u017eivanje. Dob: 3+<\/p>\n","protected":false},"excerpt":{"rendered":"<p>Popularni Disneyjev lik motivira djecu na usvajanje prvih matemati\u010dkih koraka, \u010dine\u0107i u\u010denje zabavnim i interaktivnim<br \/>\nIgra je dizajnirana za poticanje logi\u010dkog razmi\u0161ljanja, koncentracije i prepoznavanja brojeva kod najmla\u0111ih<br \/>\nSadr\u017eaj i elementi igre idealni su za djecu od 3 i vi\u0161e godina, pru\u017eaju\u0107i siguran i poticajan uvod u svijet zbrajanja<\/p>\n","protected":false},"featured_media":37825,"template":"","meta":{"_seopress_robots_primary_cat":"","_seopress_titles_title":"","_seopress_titles_desc":"","_seopress_robots_index":"","iawp_total_views":0},"product_brand":[531],"product_cat":[221,291],"product_tag":[],"class_list":{"0":"post-37824","1":"product","2":"type-product","3":"status-publish","4":"has-post-thumbnail","6":"product_brand-disney-stitch","7":"product_cat-igracke","8":"product_cat-igracke-za-djecu-221","10":"first","11":"instock","12":"shipping-taxable","13":"purchasable","14":"product-type-simple"},"_links":{"self":[{"href":"https:\/\/singuli.wpress.me\/index.php\/wp-json\/wp\/v2\/product\/37824","targetHints":{"allow":["GET"]}}],"collection":[{"href":"https:\/\/singuli.wpress.me\/index.php\/wp-json\/wp\/v2\/product"}],"about":[{"href":"https:\/\/singuli.wpress.me\/index.php\/wp-json\/wp\/v2\/types\/product"}],"version-history":[{"count":0,"href":"https:\/\/singuli.wpress.me\/index.php\/wp-json\/wp\/v2\/product\/37824\/revisions"}],"wp:featuredmedia":[{"embeddable":true,"href":"https:\/\/singuli.wpress.me\/index.php\/wp-json\/wp\/v2\/media\/37825"}],"wp:attachment":[{"href":"https:\/\/singuli.wpress.me\/index.php\/wp-json\/wp\/v2\/media?parent=37824"}],"wp:term":[{"taxonomy":"product_brand","embeddable":true,"href":"https:\/\/singuli.wpress.me\/index.php\/wp-json\/wp\/v2\/product_brand?post=37824"},{"taxonomy":"product_cat","embeddable":true,"href":"https:\/\/singuli.wpress.me\/index.php\/wp-json\/wp\/v2\/product_cat?post=37824"},{"taxonomy":"product_tag","embeddable":true,"href":"https:\/\/singuli.wpress.me\/index.php\/wp-json\/wp\/v2\/product_tag?post=37824"}],"curies":[{"name":"wp","href":"https:\/\/api.w.org\/{rel}","templated":true}]}}