{"id":37835,"date":"2026-04-18T18:07:48","date_gmt":"2026-04-18T18:07:48","guid":{"rendered":"https:\/\/singuli.wpress.me\/index.php\/proizvod\/radgonske-gorice-penina-srebrna-extra-dry-pjenusac-0-75-ml\/"},"modified":"2026-04-20T12:33:22","modified_gmt":"2026-04-20T12:33:22","slug":"radgonske-gorice-penina-srebrna-extra-dry-pjenusac-0-75-ml","status":"publish","type":"product","link":"https:\/\/singuli.wpress.me\/index.php\/proizvod\/radgonske-gorice-penina-srebrna-extra-dry-pjenusac-0-75-ml\/","title":{"rendered":"RADGONSKE GORICE Penina Srebrna Extra Dry, pjenu\u0161ac, 0.75\u00a0ml"},"content":{"rendered":"<p>U\u017eivajte u visokom intenzitetu mirisa koji odmah osvaja sva osjetila. Ovaj vrhunski pjenu\u0161ac krasi izrazito vo\u0107ni karakter u kojem se isprepli\u0107u note svje\u017ee jabuke i grejpa s egzoti\u010dnim dodirom ananasa.<\/p>\n<p>Na nepcu zadr\u017eava istu \u017eivahnost i mladena\u010dku energiju, pru\u017eaju\u0107i moderan i svje\u017e do\u017eivljaj. Zahvaljuju\u0107i zaokru\u017eenom okusu i savr\u0161enoj harmoniji mirisa i okusa, ovo vino je idealan izbor za \u0161irok krug ljubitelja vina. Bilo da slavite posebne trenutke ili \u017eelite osvje\u017eavaju\u0107i dodatak jelu, ovaj pjenu\u0161ac predstavlja pobjedni\u010dku kombinaciju kojoj je te\u0161ko odoljeti.<\/p>\n","protected":false},"excerpt":{"rendered":"<p>Volumen alkohola: 12,0 % vol.<br \/>\nIdealna temperatura poslu\u017eivanja: 6 \u2013 8 \u00b0C.<br \/>\nGastro preporuka: Izvrsno se sla\u017ee uz ribu s ro\u0161tilja, morska i povrtna jela te razne vrste sireva.<\/p>\n","protected":false},"featured_media":37836,"template":"","meta":{"_seopress_robots_primary_cat":"","_seopress_titles_title":"","_seopress_titles_desc":"","_seopress_robots_index":"","iawp_total_views":0},"product_brand":[805],"product_cat":[298,261],"product_tag":[],"class_list":{"0":"post-37835","1":"product","2":"type-product","3":"status-publish","4":"has-post-thumbnail","6":"product_brand-radgonske-gorice","7":"product_cat-alkoholna-pica-261","8":"product_cat-hrana-i-pice","10":"first","11":"instock","12":"shipping-taxable","13":"purchasable","14":"product-type-simple"},"_links":{"self":[{"href":"https:\/\/singuli.wpress.me\/index.php\/wp-json\/wp\/v2\/product\/37835","targetHints":{"allow":["GET"]}}],"collection":[{"href":"https:\/\/singuli.wpress.me\/index.php\/wp-json\/wp\/v2\/product"}],"about":[{"href":"https:\/\/singuli.wpress.me\/index.php\/wp-json\/wp\/v2\/types\/product"}],"version-history":[{"count":0,"href":"https:\/\/singuli.wpress.me\/index.php\/wp-json\/wp\/v2\/product\/37835\/revisions"}],"wp:featuredmedia":[{"embeddable":true,"href":"https:\/\/singuli.wpress.me\/index.php\/wp-json\/wp\/v2\/media\/37836"}],"wp:attachment":[{"href":"https:\/\/singuli.wpress.me\/index.php\/wp-json\/wp\/v2\/media?parent=37835"}],"wp:term":[{"taxonomy":"product_brand","embeddable":true,"href":"https:\/\/singuli.wpress.me\/index.php\/wp-json\/wp\/v2\/product_brand?post=37835"},{"taxonomy":"product_cat","embeddable":true,"href":"https:\/\/singuli.wpress.me\/index.php\/wp-json\/wp\/v2\/product_cat?post=37835"},{"taxonomy":"product_tag","embeddable":true,"href":"https:\/\/singuli.wpress.me\/index.php\/wp-json\/wp\/v2\/product_tag?post=37835"}],"curies":[{"name":"wp","href":"https:\/\/api.w.org\/{rel}","templated":true}]}}