{"id":37854,"date":"2026-04-18T18:07:50","date_gmt":"2026-04-18T18:07:50","guid":{"rendered":"https:\/\/singuli.wpress.me\/index.php\/proizvod\/ariel-spring-awakening-tekuci-deterdzent-za-pranje-rublja-35-pranja\/"},"modified":"2026-04-20T12:33:22","modified_gmt":"2026-04-20T12:33:22","slug":"ariel-spring-awakening-tekuci-deterdzent-za-pranje-rublja-35-pranja","status":"publish","type":"product","link":"https:\/\/singuli.wpress.me\/index.php\/proizvod\/ariel-spring-awakening-tekuci-deterdzent-za-pranje-rublja-35-pranja\/","title":{"rendered":"ARIEL Spring Awakening, teku\u0107i deterd\u017eent za pranje rublja, 35 pranja"},"content":{"rendered":"<p>Ariel, marka koju preporu\u010duju Whirlpool, Beko, Candy i Electrolux, predstavlja teku\u0107i deterd\u017eent za pranje rublja Ariel +Touch of Lenor \/ +Touch of Lenor Spring Awakening. Pru\u017ea Dubinsku \u010cisto\u0107u I Sedmodnevnu Dugotrajnu Svje\u017einu (u ormaru). Teku\u0107i deterd\u017eent Ariel +Touch of Lenor pru\u017ea besprijekorne rezultate na ni\u017eim temperaturama.  Tvrdokorne mrlje prije pranja tretirajte teku\u0107im deterd\u017eentom Ariel +Touch of Lenor i njegovim zelenim \u010depom, a zatim operite rublje u perilici. Za najbolje rezultate \u010dep s deterd\u017eentom stavite izravno u bubanj perilice rublja. Iz ekolo\u0161kih razloga na neke boce ne stavljamo \u010dep s mjericom; takav je \u010dep besplatno dostupan na internetskoj stranici ariel.info.<\/p>\n","protected":false},"excerpt":{"rendered":"<p>DUBINSKA \u010cISTO\u0106A + DUGOTRAJNA SVJE\u017dINA: Arielov teku\u0107i deterd\u017eent u\u010dinkovito uklanja mrlje \u010dak i u Hladnoj vodi i na Kratkim programima pranja<br \/>\nOSMI\u0160LJENO ZA SVJE\u017dINU: Ariel +Touch of Lenor Spring Awakening pru\u017ea Dubinsku \u010cisto\u0107u I Sedmodnevnu Dugotrajnu Svje\u017einu (u ormaru)<br \/>\nARIEL PREPORU\u010cUJU Whirlpool, Beko, Candy i Electrolux<\/p>\n","protected":false},"featured_media":37855,"template":"","meta":{"_seopress_robots_primary_cat":"","_seopress_titles_title":"","_seopress_titles_desc":"","_seopress_robots_index":"","iawp_total_views":0},"product_brand":[427],"product_cat":[283,238],"product_tag":[],"class_list":{"0":"post-37854","1":"product","2":"type-product","3":"status-publish","4":"has-post-thumbnail","6":"product_brand-ariel","7":"product_cat-pranje-rublja-238","8":"product_cat-sve-za-dom","10":"first","11":"outofstock","12":"shipping-taxable","13":"purchasable","14":"product-type-simple"},"_links":{"self":[{"href":"https:\/\/singuli.wpress.me\/index.php\/wp-json\/wp\/v2\/product\/37854","targetHints":{"allow":["GET"]}}],"collection":[{"href":"https:\/\/singuli.wpress.me\/index.php\/wp-json\/wp\/v2\/product"}],"about":[{"href":"https:\/\/singuli.wpress.me\/index.php\/wp-json\/wp\/v2\/types\/product"}],"version-history":[{"count":0,"href":"https:\/\/singuli.wpress.me\/index.php\/wp-json\/wp\/v2\/product\/37854\/revisions"}],"wp:featuredmedia":[{"embeddable":true,"href":"https:\/\/singuli.wpress.me\/index.php\/wp-json\/wp\/v2\/media\/37855"}],"wp:attachment":[{"href":"https:\/\/singuli.wpress.me\/index.php\/wp-json\/wp\/v2\/media?parent=37854"}],"wp:term":[{"taxonomy":"product_brand","embeddable":true,"href":"https:\/\/singuli.wpress.me\/index.php\/wp-json\/wp\/v2\/product_brand?post=37854"},{"taxonomy":"product_cat","embeddable":true,"href":"https:\/\/singuli.wpress.me\/index.php\/wp-json\/wp\/v2\/product_cat?post=37854"},{"taxonomy":"product_tag","embeddable":true,"href":"https:\/\/singuli.wpress.me\/index.php\/wp-json\/wp\/v2\/product_tag?post=37854"}],"curies":[{"name":"wp","href":"https:\/\/api.w.org\/{rel}","templated":true}]}}