{"id":37861,"date":"2026-04-18T18:07:52","date_gmt":"2026-04-18T18:07:52","guid":{"rendered":"https:\/\/singuli.wpress.me\/index.php\/proizvod\/ariel-stain-removal-tekuci-deterdzent-za-pranje-rublja-35-pranja-1-575-l\/"},"modified":"2026-04-20T12:33:22","modified_gmt":"2026-04-20T12:33:22","slug":"ariel-stain-removal-tekuci-deterdzent-za-pranje-rublja-35-pranja-1-575-l","status":"publish","type":"product","link":"https:\/\/singuli.wpress.me\/index.php\/proizvod\/ariel-stain-removal-tekuci-deterdzent-za-pranje-rublja-35-pranja-1-575-l\/","title":{"rendered":"ARIEL Stain Removal, teku\u0107i deterd\u017eent za pranje rublja, 35 pranja, 1.575\u00a0l"},"content":{"rendered":"<p>Ariel, marka koju preporu\u010duju Whirlpool, Beko, Candy i Electrolux, predstavlja teku\u0107i deterd\u017eent za pranje rublja Ariel +Extra Stain Removal, Arielov najbolji teku\u0107i deterd\u017eent. Pru\u017ea Arielovu izvanrednu \u010disto\u0107u. U\u010dinkovito Uklanja \u010cak I Sedmodnevne Skorene Mrlje I Neugodne Mirise. Teku\u0107i deterd\u017eent Ariel +Extra Stain Removal pru\u017ea besprijekorne rezultate i na ni\u017eim temperaturama. Ariel +Extra Stain Removal mo\u017eete koristiti kako biste tretirali mrlje zelenim \u010depom prije nego \u0161to rublje stavite u perilicu rublja. Za najbolje rezultate \u010dep s deterd\u017eentom stavite izravno u bubanj perilice rublja. Iz ekolo\u0161kih razloga na neke boce ne stavljamo \u010dep s mjericom; takav je \u010dep besplatno dostupan na internetskoj stranici ariel.info.<\/p>\n","protected":false},"excerpt":{"rendered":"<p>UKLANJA SKORENE MRLJE I NEUGODNE MIRISE: Arielov teku\u0107i deterd\u017eent za pranje rublja U\u010dinkovito Uklanja \u010cak I Sedmodnevne Skorene Mrlje I Neugodne Mirise<br \/>\nARIEL PREPORU\u010cUJU Whirlpool, Beko, Candy i Electrolux<br \/>\nTRETIRANJE MRLJA PRIJE PRANJA: 1. Na mrlje nanesite malo teku\u0107eg Ariela, 2. Lagano istrljajte, 3. Zapo\u010dnite s pranjem<\/p>\n","protected":false},"featured_media":37862,"template":"","meta":{"_seopress_robots_primary_cat":"","_seopress_titles_title":"","_seopress_titles_desc":"","_seopress_robots_index":"","iawp_total_views":0},"product_brand":[427],"product_cat":[283,238],"product_tag":[],"class_list":{"0":"post-37861","1":"product","2":"type-product","3":"status-publish","4":"has-post-thumbnail","6":"product_brand-ariel","7":"product_cat-pranje-rublja-238","8":"product_cat-sve-za-dom","10":"first","11":"outofstock","12":"shipping-taxable","13":"purchasable","14":"product-type-simple"},"_links":{"self":[{"href":"https:\/\/singuli.wpress.me\/index.php\/wp-json\/wp\/v2\/product\/37861","targetHints":{"allow":["GET"]}}],"collection":[{"href":"https:\/\/singuli.wpress.me\/index.php\/wp-json\/wp\/v2\/product"}],"about":[{"href":"https:\/\/singuli.wpress.me\/index.php\/wp-json\/wp\/v2\/types\/product"}],"version-history":[{"count":0,"href":"https:\/\/singuli.wpress.me\/index.php\/wp-json\/wp\/v2\/product\/37861\/revisions"}],"wp:featuredmedia":[{"embeddable":true,"href":"https:\/\/singuli.wpress.me\/index.php\/wp-json\/wp\/v2\/media\/37862"}],"wp:attachment":[{"href":"https:\/\/singuli.wpress.me\/index.php\/wp-json\/wp\/v2\/media?parent=37861"}],"wp:term":[{"taxonomy":"product_brand","embeddable":true,"href":"https:\/\/singuli.wpress.me\/index.php\/wp-json\/wp\/v2\/product_brand?post=37861"},{"taxonomy":"product_cat","embeddable":true,"href":"https:\/\/singuli.wpress.me\/index.php\/wp-json\/wp\/v2\/product_cat?post=37861"},{"taxonomy":"product_tag","embeddable":true,"href":"https:\/\/singuli.wpress.me\/index.php\/wp-json\/wp\/v2\/product_tag?post=37861"}],"curies":[{"name":"wp","href":"https:\/\/api.w.org\/{rel}","templated":true}]}}