{"id":37923,"date":"2026-04-18T18:08:14","date_gmt":"2026-04-18T18:08:14","guid":{"rendered":"https:\/\/singuli.wpress.me\/index.php\/proizvod\/braun-ses9-241-epilator-1-kom\/"},"modified":"2026-04-21T00:26:54","modified_gmt":"2026-04-21T00:26:54","slug":"braun-ses9-241-epilator-1-kom","status":"publish","type":"product","link":"https:\/\/singuli.wpress.me\/index.php\/proizvod\/braun-ses9-241-epilator-1-kom\/","title":{"rendered":"BRAUN SES9-241, epilator, 1\u00a0kom"},"content":{"rendered":"<p>Braun Silk-\u00e9pil 9 9-241 osigurava do mjesec dana glatke ko\u017ee, bilo kada i bilo gdje, i to u\u010dinkovito i ugodno. Svojom \u0161irokom glavom, ovaj be\u017ei\u010dni epilator za suhu i mokru upotrebu s lako\u0107om prati va\u0161e konture. Njegovih 40 pinceta MicroGrip hvata \u010dak i dla\u010dice duljine samo 0,5 mm, osiguravaju\u0107i tako dugotrajnu glatko\u0107u ko\u017ee. U\u017eivajte u ko\u017ei glatkoj kao nakon salonskog tretmana, uz vrhunsku kontrolu zahvaljuju\u0107i preciznoj dr\u0161ci koja udobno sjedi u ruci. I zaboravite na \u010dekanje da dla\u010dice izrastu na dostatnu duljinu da bih se moglo ukloniti drugim proizvodima za uklanjanje dla\u010dica poput voska. Ovaj be\u017ei\u010dni epilator dizajniran je za prakti\u010dnost te eliminira potrebu za \u010di\u0161\u0107enjem ili zakazivanjem termina u salonu. S njim u kompletu dobivate i brija\u0107u glavu i \u010de\u0161lji\u0107 za trimer te trimer za bikini-zonu. Savjet: za manji osje\u0107aj boli, epilirajte se u kadi ili pod tu\u0161em u toploj vodi.<br \/>\nPakiranje mo\u017ee biti druk\u010dije od prikazanog.<\/p>\n","protected":false},"excerpt":{"rendered":"<p>Do mjesec dana glatke ko\u017ee u bilo kojem trenutku, u udobnosti va\u0161eg doma<br \/>\nBrzo i u\u010dinkovito: \u0161iroka pokretljiva glava s lako\u0107om prati konture va\u0161eg tijela za u\u010dinkovitu epilaciju. Epilator hvata i kratke dla\u010dice (0,5 mm) koje vosak ne mo\u017ee ukloniti.<br \/>\nVrhunska kontrola: precizna dr\u0161ka lijepo sjedi u ruci i omogu\u0107uje dobru kontrolu, \u010dak i kad je mokra<\/p>\n","protected":false},"featured_media":37924,"template":"","meta":{"_seopress_robots_primary_cat":"","_seopress_titles_title":"","_seopress_titles_desc":"","_seopress_robots_index":"","iawp_total_views":0},"product_brand":[144],"product_cat":[192,282,281],"product_tag":[],"class_list":{"0":"post-37923","1":"product","2":"type-product","3":"status-publish","4":"has-post-thumbnail","6":"product_brand-braun","7":"product_cat-aparati-za-osobnu-njegu","8":"product_cat-aparati-za-zene-281","9":"product_cat-epilatori-i-ipl-192","11":"first","12":"instock","13":"shipping-taxable","14":"purchasable","15":"product-type-simple"},"_links":{"self":[{"href":"https:\/\/singuli.wpress.me\/index.php\/wp-json\/wp\/v2\/product\/37923","targetHints":{"allow":["GET"]}}],"collection":[{"href":"https:\/\/singuli.wpress.me\/index.php\/wp-json\/wp\/v2\/product"}],"about":[{"href":"https:\/\/singuli.wpress.me\/index.php\/wp-json\/wp\/v2\/types\/product"}],"version-history":[{"count":0,"href":"https:\/\/singuli.wpress.me\/index.php\/wp-json\/wp\/v2\/product\/37923\/revisions"}],"wp:featuredmedia":[{"embeddable":true,"href":"https:\/\/singuli.wpress.me\/index.php\/wp-json\/wp\/v2\/media\/37924"}],"wp:attachment":[{"href":"https:\/\/singuli.wpress.me\/index.php\/wp-json\/wp\/v2\/media?parent=37923"}],"wp:term":[{"taxonomy":"product_brand","embeddable":true,"href":"https:\/\/singuli.wpress.me\/index.php\/wp-json\/wp\/v2\/product_brand?post=37923"},{"taxonomy":"product_cat","embeddable":true,"href":"https:\/\/singuli.wpress.me\/index.php\/wp-json\/wp\/v2\/product_cat?post=37923"},{"taxonomy":"product_tag","embeddable":true,"href":"https:\/\/singuli.wpress.me\/index.php\/wp-json\/wp\/v2\/product_tag?post=37923"}],"curies":[{"name":"wp","href":"https:\/\/api.w.org\/{rel}","templated":true}]}}