{"id":37931,"date":"2026-04-18T18:08:19","date_gmt":"2026-04-18T18:08:19","guid":{"rendered":"https:\/\/singuli.wpress.me\/index.php\/proizvod\/braun-se5-000-epilator-1-kom\/"},"modified":"2026-04-21T00:26:54","modified_gmt":"2026-04-21T00:26:54","slug":"braun-se5-000-epilator-1-kom","status":"publish","type":"product","link":"https:\/\/singuli.wpress.me\/index.php\/proizvod\/braun-se5-000-epilator-1-kom\/","title":{"rendered":"BRAUN SE5-000, epilator, 1\u00a0kom"},"content":{"rendered":"<p>Braun Silk-\u00e9pil 5 5-000 osigurava do mjesec dana glatke ko\u017ee, bilo kada i bilo gdje. Ovaj Braunov epilator ima pincete MicroGrip koje mogu uhvatiti dla\u010dice koje vosak ne hvata (\u010dak i one duljine samo 0,5 mm). Iskusite manje boli zahvaljuju\u0107i nastavku s masa\u017enim kota\u010di\u0107ima. I zaboravite na \u010dekanje da dla\u010dice izrastu na dostatnu duljinu da bih se moglo ukloniti drugim proizvodima za uklanjanje dla\u010dica poput voska. Ovaj be\u017ei\u010dni epilator dizajniran je za prakti\u010dnost te eliminira potrebu za \u010di\u0161\u0107enjem ili zakazivanjem termina u salonu. Savjet: za manji osje\u0107aj boli, epilirajte se u kadi ili pod tu\u0161em u toploj vodi.<\/p>\n","protected":false},"excerpt":{"rendered":"<p>Do mjesec dana glatke ko\u017ee u bilo kojem trenutku, u udobnosti va\u0161eg doma<br \/>\nPrecizno: uklanja dla\u010dice koje vosak ne mo\u017ee uhvatiti. Pincete MicroGrip hvataju i dla\u010dice duge samo 0,5 mm<br \/>\nUgodna epilacija: nastavak s masa\u017enim kota\u010di\u0107ima poma\u017ee smanjiti osje\u0107aj boli<\/p>\n","protected":false},"featured_media":37932,"template":"","meta":{"_seopress_robots_primary_cat":"","_seopress_titles_title":"","_seopress_titles_desc":"","_seopress_robots_index":"","iawp_total_views":0},"product_brand":[144],"product_cat":[192,282,281],"product_tag":[],"class_list":{"0":"post-37931","1":"product","2":"type-product","3":"status-publish","4":"has-post-thumbnail","6":"product_brand-braun","7":"product_cat-aparati-za-osobnu-njegu","8":"product_cat-aparati-za-zene-281","9":"product_cat-epilatori-i-ipl-192","11":"first","12":"outofstock","13":"shipping-taxable","14":"purchasable","15":"product-type-simple"},"_links":{"self":[{"href":"https:\/\/singuli.wpress.me\/index.php\/wp-json\/wp\/v2\/product\/37931","targetHints":{"allow":["GET"]}}],"collection":[{"href":"https:\/\/singuli.wpress.me\/index.php\/wp-json\/wp\/v2\/product"}],"about":[{"href":"https:\/\/singuli.wpress.me\/index.php\/wp-json\/wp\/v2\/types\/product"}],"version-history":[{"count":0,"href":"https:\/\/singuli.wpress.me\/index.php\/wp-json\/wp\/v2\/product\/37931\/revisions"}],"wp:featuredmedia":[{"embeddable":true,"href":"https:\/\/singuli.wpress.me\/index.php\/wp-json\/wp\/v2\/media\/37932"}],"wp:attachment":[{"href":"https:\/\/singuli.wpress.me\/index.php\/wp-json\/wp\/v2\/media?parent=37931"}],"wp:term":[{"taxonomy":"product_brand","embeddable":true,"href":"https:\/\/singuli.wpress.me\/index.php\/wp-json\/wp\/v2\/product_brand?post=37931"},{"taxonomy":"product_cat","embeddable":true,"href":"https:\/\/singuli.wpress.me\/index.php\/wp-json\/wp\/v2\/product_cat?post=37931"},{"taxonomy":"product_tag","embeddable":true,"href":"https:\/\/singuli.wpress.me\/index.php\/wp-json\/wp\/v2\/product_tag?post=37931"}],"curies":[{"name":"wp","href":"https:\/\/api.w.org\/{rel}","templated":true}]}}