{"id":37939,"date":"2026-04-18T18:08:23","date_gmt":"2026-04-18T18:08:23","guid":{"rendered":"https:\/\/singuli.wpress.me\/index.php\/proizvod\/braun-se3-202-epilator-1-kom\/"},"modified":"2026-04-20T12:33:22","modified_gmt":"2026-04-20T12:33:22","slug":"braun-se3-202-epilator-1-kom","status":"publish","type":"product","link":"https:\/\/singuli.wpress.me\/index.php\/proizvod\/braun-se3-202-epilator-1-kom\/","title":{"rendered":"BRAUN SE3-202, epilator, 1\u00a0kom"},"content":{"rendered":"<p>Predstavljamo Braun Silk-\u00e9pil 3 &#8211; va\u0161e jednostavno rje\u0161enje za do mjesec dana glatke ko\u017ee. Za\u0161to se gnjaviti s voskom kad je dla\u010dice tako lako i prakti\u010dno ukloniti epilatorom? Pozdravite se s ljepljivim trakama jednom za svagda. <br \/>\nU\u017eivajte u prakti\u010dnosti kabelskog epilatora koji vam u udobnosti va\u0161eg doma pru\u017ea postojane glatke rezultate kao da ste bili u salonu. Ne morate brinuti o trajanju baterije ili prekidima radi punjenja.<br \/>\nPrebacite se s uklanjanja dla\u010dica voskom na epilaciju uz Braun Silk-\u00e9pil 3. Prigrlite jednostavnost i u\u010dinkovitost ovog ure\u0111aja te zaboravite na gnjava\u017eu i nered koji prate vosak. Otkrijte u\u017eitak dugotrajne glatko\u0107e uz Braunovu pouzdanu tehnologiju.<\/p>\n","protected":false},"excerpt":{"rendered":"<p>Lako do dugotrajno glatke ko\u017ee: uklanja \u010dak i kratke dla\u010dice iz korijena<br \/>\nUgodna epilacija: nastavak s masa\u017enim kota\u010di\u0107ima poma\u017ee smanjiti osje\u0107aj boli<br \/>\nSvjetlo Smart Light: otkriva i najtanje dla\u010dice kako ne biste propustili nijednu<\/p>\n","protected":false},"featured_media":37940,"template":"","meta":{"_seopress_robots_primary_cat":"","_seopress_titles_title":"","_seopress_titles_desc":"","_seopress_robots_index":"","iawp_total_views":0},"product_brand":[144],"product_cat":[192,282,281],"product_tag":[],"class_list":{"0":"post-37939","1":"product","2":"type-product","3":"status-publish","4":"has-post-thumbnail","6":"product_brand-braun","7":"product_cat-aparati-za-osobnu-njegu","8":"product_cat-aparati-za-zene-281","9":"product_cat-epilatori-i-ipl-192","11":"first","12":"instock","13":"shipping-taxable","14":"purchasable","15":"product-type-simple"},"_links":{"self":[{"href":"https:\/\/singuli.wpress.me\/index.php\/wp-json\/wp\/v2\/product\/37939","targetHints":{"allow":["GET"]}}],"collection":[{"href":"https:\/\/singuli.wpress.me\/index.php\/wp-json\/wp\/v2\/product"}],"about":[{"href":"https:\/\/singuli.wpress.me\/index.php\/wp-json\/wp\/v2\/types\/product"}],"version-history":[{"count":0,"href":"https:\/\/singuli.wpress.me\/index.php\/wp-json\/wp\/v2\/product\/37939\/revisions"}],"wp:featuredmedia":[{"embeddable":true,"href":"https:\/\/singuli.wpress.me\/index.php\/wp-json\/wp\/v2\/media\/37940"}],"wp:attachment":[{"href":"https:\/\/singuli.wpress.me\/index.php\/wp-json\/wp\/v2\/media?parent=37939"}],"wp:term":[{"taxonomy":"product_brand","embeddable":true,"href":"https:\/\/singuli.wpress.me\/index.php\/wp-json\/wp\/v2\/product_brand?post=37939"},{"taxonomy":"product_cat","embeddable":true,"href":"https:\/\/singuli.wpress.me\/index.php\/wp-json\/wp\/v2\/product_cat?post=37939"},{"taxonomy":"product_tag","embeddable":true,"href":"https:\/\/singuli.wpress.me\/index.php\/wp-json\/wp\/v2\/product_tag?post=37939"}],"curies":[{"name":"wp","href":"https:\/\/api.w.org\/{rel}","templated":true}]}}