{"id":37957,"date":"2026-04-18T18:08:26","date_gmt":"2026-04-18T18:08:26","guid":{"rendered":"https:\/\/singuli.wpress.me\/index.php\/proizvod\/raid-gel-protiv-moljaca-miris-lavande-6-kom\/"},"modified":"2026-04-20T12:33:22","modified_gmt":"2026-04-20T12:33:22","slug":"raid-gel-protiv-moljaca-miris-lavande-6-kom","status":"publish","type":"product","link":"https:\/\/singuli.wpress.me\/index.php\/proizvod\/raid-gel-protiv-moljaca-miris-lavande-6-kom\/","title":{"rendered":"RAID, gel, protiv moljaca, miris lavande, 6\u00a0kom"},"content":{"rendered":"<p>Raid\u00ae Sredstvo protiv moljaca \u0161titi va\u0161u odje\u0107u tijekom cijele sezone. <\/p>\n<p>Esencija lavande ostavlja ugodan miris u va\u0161im ormarima i ladicama.<\/p>\n","protected":false},"excerpt":{"rendered":"<p>\u0160titi odje\u0107u od moljaca<br \/>\nUni\u0161tava moljce<br \/>\nU\u010dinkovit tijekom cijele sezone<\/p>\n","protected":false},"featured_media":37958,"template":"","meta":{"_seopress_robots_primary_cat":"","_seopress_titles_title":"","_seopress_titles_desc":"","_seopress_robots_index":"","iawp_total_views":0},"product_brand":[457],"product_cat":[274,238],"product_tag":[],"class_list":{"0":"post-37957","1":"product","2":"type-product","3":"status-publish","4":"has-post-thumbnail","6":"product_brand-raid","7":"product_cat-kucanski-pribor-238","8":"product_cat-sve-za-dom","10":"first","11":"instock","12":"shipping-taxable","13":"purchasable","14":"product-type-simple"},"_links":{"self":[{"href":"https:\/\/singuli.wpress.me\/index.php\/wp-json\/wp\/v2\/product\/37957","targetHints":{"allow":["GET"]}}],"collection":[{"href":"https:\/\/singuli.wpress.me\/index.php\/wp-json\/wp\/v2\/product"}],"about":[{"href":"https:\/\/singuli.wpress.me\/index.php\/wp-json\/wp\/v2\/types\/product"}],"version-history":[{"count":0,"href":"https:\/\/singuli.wpress.me\/index.php\/wp-json\/wp\/v2\/product\/37957\/revisions"}],"wp:featuredmedia":[{"embeddable":true,"href":"https:\/\/singuli.wpress.me\/index.php\/wp-json\/wp\/v2\/media\/37958"}],"wp:attachment":[{"href":"https:\/\/singuli.wpress.me\/index.php\/wp-json\/wp\/v2\/media?parent=37957"}],"wp:term":[{"taxonomy":"product_brand","embeddable":true,"href":"https:\/\/singuli.wpress.me\/index.php\/wp-json\/wp\/v2\/product_brand?post=37957"},{"taxonomy":"product_cat","embeddable":true,"href":"https:\/\/singuli.wpress.me\/index.php\/wp-json\/wp\/v2\/product_cat?post=37957"},{"taxonomy":"product_tag","embeddable":true,"href":"https:\/\/singuli.wpress.me\/index.php\/wp-json\/wp\/v2\/product_tag?post=37957"}],"curies":[{"name":"wp","href":"https:\/\/api.w.org\/{rel}","templated":true}]}}