{"id":37960,"date":"2026-04-18T18:08:26","date_gmt":"2026-04-18T18:08:26","guid":{"rendered":"https:\/\/singuli.wpress.me\/index.php\/proizvod\/paclan-expert-papir-za-pecenje-50-m-x-38-cm\/"},"modified":"2026-04-20T12:33:22","modified_gmt":"2026-04-20T12:33:22","slug":"paclan-expert-papir-za-pecenje-50-m-x-38-cm","status":"publish","type":"product","link":"https:\/\/singuli.wpress.me\/index.php\/proizvod\/paclan-expert-papir-za-pecenje-50-m-x-38-cm\/","title":{"rendered":"PACLAN Expert, papir za pe\u010denje, 50 m x 38 cm"},"content":{"rendered":"<p>Paclan Expert masni papir s obostranim silikonskim premazom koji sprje\u010dava lijepljenje hrane s obje strane. Siguran za upotrebu u pe\u0107nici do 220 \u00b0C, pogodan za razne vrste pe\u010denja. Otporan na vlagu i masno\u0107u, \u0161titi pleh i odr\u017eava kvalitetu hrane.<\/p>\n","protected":false},"excerpt":{"rendered":"<p>Obostrani silikonski premaz \u2014 sprje\u010dava lijepljenje hrane s obje strane i omogu\u0107uje lako odvajanje<br \/>\nOtpornost na visoke temperature \u2014 siguran za upotrebu u pe\u0107nici do 220 \u00b0C za razne vrste pe\u010denja<br \/>\nOtporan na vlagu i masno\u0107u \u2014 \u0161titi pleh i odr\u017eava kvalitetu hrane sprje\u010davanjem upijanja<\/p>\n","protected":false},"featured_media":37961,"template":"","meta":{"_seopress_robots_primary_cat":"","_seopress_titles_title":"","_seopress_titles_desc":"","_seopress_robots_index":"","iawp_total_views":0},"product_brand":[474],"product_cat":[274,238],"product_tag":[],"class_list":{"0":"post-37960","1":"product","2":"type-product","3":"status-publish","4":"has-post-thumbnail","6":"product_brand-paclan","7":"product_cat-kucanski-pribor-238","8":"product_cat-sve-za-dom","10":"first","11":"outofstock","12":"shipping-taxable","13":"purchasable","14":"product-type-simple"},"_links":{"self":[{"href":"https:\/\/singuli.wpress.me\/index.php\/wp-json\/wp\/v2\/product\/37960","targetHints":{"allow":["GET"]}}],"collection":[{"href":"https:\/\/singuli.wpress.me\/index.php\/wp-json\/wp\/v2\/product"}],"about":[{"href":"https:\/\/singuli.wpress.me\/index.php\/wp-json\/wp\/v2\/types\/product"}],"version-history":[{"count":0,"href":"https:\/\/singuli.wpress.me\/index.php\/wp-json\/wp\/v2\/product\/37960\/revisions"}],"wp:featuredmedia":[{"embeddable":true,"href":"https:\/\/singuli.wpress.me\/index.php\/wp-json\/wp\/v2\/media\/37961"}],"wp:attachment":[{"href":"https:\/\/singuli.wpress.me\/index.php\/wp-json\/wp\/v2\/media?parent=37960"}],"wp:term":[{"taxonomy":"product_brand","embeddable":true,"href":"https:\/\/singuli.wpress.me\/index.php\/wp-json\/wp\/v2\/product_brand?post=37960"},{"taxonomy":"product_cat","embeddable":true,"href":"https:\/\/singuli.wpress.me\/index.php\/wp-json\/wp\/v2\/product_cat?post=37960"},{"taxonomy":"product_tag","embeddable":true,"href":"https:\/\/singuli.wpress.me\/index.php\/wp-json\/wp\/v2\/product_tag?post=37960"}],"curies":[{"name":"wp","href":"https:\/\/api.w.org\/{rel}","templated":true}]}}