{"id":37962,"date":"2026-04-18T18:08:27","date_gmt":"2026-04-18T18:08:27","guid":{"rendered":"https:\/\/singuli.wpress.me\/index.php\/proizvod\/paclan-expert-folija-za-svjezinu-180-m-x-29-cm\/"},"modified":"2026-04-20T12:33:22","modified_gmt":"2026-04-20T12:33:22","slug":"paclan-expert-folija-za-svjezinu-180-m-x-29-cm","status":"publish","type":"product","link":"https:\/\/singuli.wpress.me\/index.php\/proizvod\/paclan-expert-folija-za-svjezinu-180-m-x-29-cm\/","title":{"rendered":"PACLAN Expert, folija za svje\u017einu, 180 m x 29 cm"},"content":{"rendered":"<p>Paclan Expert prijanjaju\u0107a folija \u010dvrsto prianja uz posude i namirnice, zadr\u017eavaju\u0107i svje\u017einu. Izra\u0111ena od materijala odobrenih za izravan kontakt s hranom. Fleksibilna i rastezljiva \u2014 lako se prilago\u0111ava razli\u010ditim oblicima i veli\u010dinama posuda. Du\u017eina 180 m, \u0161irina 29 cm.<\/p>\n","protected":false},"excerpt":{"rendered":"<p>Izvrsna svojstva prijanjanja \u2014 \u010dvrsto prianja uz posude i namirnice, zadr\u017eavaju\u0107i svje\u017einu hrane<br \/>\nSigurni materijali za hranu \u2014 izra\u0111ena od materijala odobrenih za izravan kontakt s hranom<br \/>\nEkonomi\u010dna rola 180 m x 29 cm \u2014 fleksibilna i rastezljiva za razli\u010dite oblike posuda<\/p>\n","protected":false},"featured_media":0,"template":"","meta":{"_seopress_robots_primary_cat":"","_seopress_titles_title":"","_seopress_titles_desc":"","_seopress_robots_index":"","iawp_total_views":0},"product_brand":[474],"product_cat":[274,238],"product_tag":[],"class_list":{"0":"post-37962","1":"product","2":"type-product","3":"status-publish","5":"product_brand-paclan","6":"product_cat-kucanski-pribor-238","7":"product_cat-sve-za-dom","9":"first","10":"outofstock","11":"shipping-taxable","12":"purchasable","13":"product-type-simple"},"_links":{"self":[{"href":"https:\/\/singuli.wpress.me\/index.php\/wp-json\/wp\/v2\/product\/37962","targetHints":{"allow":["GET"]}}],"collection":[{"href":"https:\/\/singuli.wpress.me\/index.php\/wp-json\/wp\/v2\/product"}],"about":[{"href":"https:\/\/singuli.wpress.me\/index.php\/wp-json\/wp\/v2\/types\/product"}],"version-history":[{"count":0,"href":"https:\/\/singuli.wpress.me\/index.php\/wp-json\/wp\/v2\/product\/37962\/revisions"}],"wp:attachment":[{"href":"https:\/\/singuli.wpress.me\/index.php\/wp-json\/wp\/v2\/media?parent=37962"}],"wp:term":[{"taxonomy":"product_brand","embeddable":true,"href":"https:\/\/singuli.wpress.me\/index.php\/wp-json\/wp\/v2\/product_brand?post=37962"},{"taxonomy":"product_cat","embeddable":true,"href":"https:\/\/singuli.wpress.me\/index.php\/wp-json\/wp\/v2\/product_cat?post=37962"},{"taxonomy":"product_tag","embeddable":true,"href":"https:\/\/singuli.wpress.me\/index.php\/wp-json\/wp\/v2\/product_tag?post=37962"}],"curies":[{"name":"wp","href":"https:\/\/api.w.org\/{rel}","templated":true}]}}