{"id":37966,"date":"2026-04-18T18:08:27","date_gmt":"2026-04-18T18:08:27","guid":{"rendered":"https:\/\/singuli.wpress.me\/index.php\/proizvod\/paclan-expert-kalupi-za-pecenje\/"},"modified":"2026-04-20T12:33:22","modified_gmt":"2026-04-20T12:33:22","slug":"paclan-expert-kalupi-za-pecenje","status":"publish","type":"product","link":"https:\/\/singuli.wpress.me\/index.php\/proizvod\/paclan-expert-kalupi-za-pecenje\/","title":{"rendered":"PACLAN Expert, kalupi za pe\u010denje"},"content":{"rendered":"<p>Paclan Expert aluminijske tacne za ro\u0161tilj izra\u0111ene od aluminija odobrenog za izravan kontakt s hranom, pogodne za meso, ribu i povr\u0107e. Sprje\u010davaju lijepljenje hrane i kapanje masno\u0107e na ro\u0161tilj, \u010duvaju\u0107i okus i olak\u0161avaju\u0107i \u010di\u0161\u0107enje. Svako pakiranje sadr\u017ei 10 tacni.<\/p>\n","protected":false},"excerpt":{"rendered":"<p>Sigurni materijali za hranu \u2014 izra\u0111ene od aluminija odobrenog za izravan kontakt s hranom<br \/>\n\u010cisto pe\u010denje bez nereda \u2014 sprje\u010davaju lijepljenje hrane i kapanje masno\u0107e na ro\u0161tilj<br \/>\n10 tacni u pakiranju \u2014 idealno za ku\u0107nu i profesionalnu upotrebu na ro\u0161tilju<\/p>\n","protected":false},"featured_media":37967,"template":"","meta":{"_seopress_robots_primary_cat":"","_seopress_titles_title":"","_seopress_titles_desc":"","_seopress_robots_index":"","iawp_total_views":0},"product_brand":[474],"product_cat":[274,238],"product_tag":[],"class_list":{"0":"post-37966","1":"product","2":"type-product","3":"status-publish","4":"has-post-thumbnail","6":"product_brand-paclan","7":"product_cat-kucanski-pribor-238","8":"product_cat-sve-za-dom","10":"first","11":"outofstock","12":"shipping-taxable","13":"purchasable","14":"product-type-simple"},"_links":{"self":[{"href":"https:\/\/singuli.wpress.me\/index.php\/wp-json\/wp\/v2\/product\/37966","targetHints":{"allow":["GET"]}}],"collection":[{"href":"https:\/\/singuli.wpress.me\/index.php\/wp-json\/wp\/v2\/product"}],"about":[{"href":"https:\/\/singuli.wpress.me\/index.php\/wp-json\/wp\/v2\/types\/product"}],"version-history":[{"count":0,"href":"https:\/\/singuli.wpress.me\/index.php\/wp-json\/wp\/v2\/product\/37966\/revisions"}],"wp:featuredmedia":[{"embeddable":true,"href":"https:\/\/singuli.wpress.me\/index.php\/wp-json\/wp\/v2\/media\/37967"}],"wp:attachment":[{"href":"https:\/\/singuli.wpress.me\/index.php\/wp-json\/wp\/v2\/media?parent=37966"}],"wp:term":[{"taxonomy":"product_brand","embeddable":true,"href":"https:\/\/singuli.wpress.me\/index.php\/wp-json\/wp\/v2\/product_brand?post=37966"},{"taxonomy":"product_cat","embeddable":true,"href":"https:\/\/singuli.wpress.me\/index.php\/wp-json\/wp\/v2\/product_cat?post=37966"},{"taxonomy":"product_tag","embeddable":true,"href":"https:\/\/singuli.wpress.me\/index.php\/wp-json\/wp\/v2\/product_tag?post=37966"}],"curies":[{"name":"wp","href":"https:\/\/api.w.org\/{rel}","templated":true}]}}