{"id":37974,"date":"2026-04-18T18:08:28","date_gmt":"2026-04-18T18:08:28","guid":{"rendered":"https:\/\/singuli.wpress.me\/index.php\/proizvod\/paclan-expert-vrece-za-smece-s-vezicom-60-l\/"},"modified":"2026-04-21T00:26:54","modified_gmt":"2026-04-21T00:26:54","slug":"paclan-expert-vrece-za-smece-s-vezicom-60-l","status":"publish","type":"product","link":"https:\/\/singuli.wpress.me\/index.php\/proizvod\/paclan-expert-vrece-za-smece-s-vezicom-60-l\/","title":{"rendered":"PACLAN Expert, vre\u0107e za sme\u0107e, s vezicom 60 l"},"content":{"rendered":"<p>Paclan Expert vre\u0107e za sme\u0107e 60L s prakti\u010dnom vezicom za jednostavno i higijensko zatvaranje. Oja\u010dana folija debljine 17 \u00b5m omogu\u0107uje no\u0161enje te\u017eeg otpada. Pakiranje sadr\u017ei 40 vre\u0107ica.<\/p>\n","protected":false},"excerpt":{"rendered":"<p>Prakti\u010dna vezica \u2014 omogu\u0107uje jednostavno i higijensko zatvaranje i podizanje vre\u0107ice<br \/>\nOja\u010dana folija 17 \u00b5m \u2014 omogu\u0107uje no\u0161enje te\u017eeg otpada bez pucanja<br \/>\n40 vre\u0107ica u pakiranju \u2014 kompaktno i prakti\u010dno za skladi\u0161tenje<\/p>\n","protected":false},"featured_media":37975,"template":"","meta":{"_seopress_robots_primary_cat":"","_seopress_titles_title":"","_seopress_titles_desc":"","_seopress_robots_index":"","iawp_total_views":0},"product_brand":[474],"product_cat":[274,238],"product_tag":[],"class_list":{"0":"post-37974","1":"product","2":"type-product","3":"status-publish","4":"has-post-thumbnail","6":"product_brand-paclan","7":"product_cat-kucanski-pribor-238","8":"product_cat-sve-za-dom","10":"first","11":"outofstock","12":"shipping-taxable","13":"purchasable","14":"product-type-simple"},"_links":{"self":[{"href":"https:\/\/singuli.wpress.me\/index.php\/wp-json\/wp\/v2\/product\/37974","targetHints":{"allow":["GET"]}}],"collection":[{"href":"https:\/\/singuli.wpress.me\/index.php\/wp-json\/wp\/v2\/product"}],"about":[{"href":"https:\/\/singuli.wpress.me\/index.php\/wp-json\/wp\/v2\/types\/product"}],"version-history":[{"count":0,"href":"https:\/\/singuli.wpress.me\/index.php\/wp-json\/wp\/v2\/product\/37974\/revisions"}],"wp:featuredmedia":[{"embeddable":true,"href":"https:\/\/singuli.wpress.me\/index.php\/wp-json\/wp\/v2\/media\/37975"}],"wp:attachment":[{"href":"https:\/\/singuli.wpress.me\/index.php\/wp-json\/wp\/v2\/media?parent=37974"}],"wp:term":[{"taxonomy":"product_brand","embeddable":true,"href":"https:\/\/singuli.wpress.me\/index.php\/wp-json\/wp\/v2\/product_brand?post=37974"},{"taxonomy":"product_cat","embeddable":true,"href":"https:\/\/singuli.wpress.me\/index.php\/wp-json\/wp\/v2\/product_cat?post=37974"},{"taxonomy":"product_tag","embeddable":true,"href":"https:\/\/singuli.wpress.me\/index.php\/wp-json\/wp\/v2\/product_tag?post=37974"}],"curies":[{"name":"wp","href":"https:\/\/api.w.org\/{rel}","templated":true}]}}