{"id":37978,"date":"2026-04-18T18:08:29","date_gmt":"2026-04-18T18:08:29","guid":{"rendered":"https:\/\/singuli.wpress.me\/index.php\/proizvod\/paclan-expert-vrece-za-smece-multitop-35-l\/"},"modified":"2026-04-20T12:33:23","modified_gmt":"2026-04-20T12:33:23","slug":"paclan-expert-vrece-za-smece-multitop-35-l","status":"publish","type":"product","link":"https:\/\/singuli.wpress.me\/index.php\/proizvod\/paclan-expert-vrece-za-smece-multitop-35-l\/","title":{"rendered":"PACLAN Expert, vre\u0107e za sme\u0107e, Multitop 35 l"},"content":{"rendered":"<p>Paclan Expert Multitop vre\u0107e za sme\u0107e s prakti\u010dnim zatvaranjem koje omogu\u0107uje brzo i sigurno vezanje. Pakiranje od 150 komada u roli (35L). Debljina 9 \u00b5m osigurava dobru \u010dvrsto\u0107u uz smanjenu potro\u0161nju plastike.<\/p>\n","protected":false},"excerpt":{"rendered":"<p>Sustav lakog vezivanja \u2014 prakti\u010dno Multitop zatvaranje omogu\u0107uje brzo i sigurno vezanje vre\u0107ice<br \/>\nDo 150 komada u roli \u2014 ekonomi\u010dno pakiranje za dugotrajan svakodnevni uso<br \/>\nDebljina 9 \u00b5m \u2014 dobra \u010dvrsto\u0107a uz smanjenu potro\u0161nju plastike<\/p>\n","protected":false},"featured_media":37979,"template":"","meta":{"_seopress_robots_primary_cat":"","_seopress_titles_title":"","_seopress_titles_desc":"","_seopress_robots_index":"","iawp_total_views":0},"product_brand":[474],"product_cat":[274,238],"product_tag":[],"class_list":{"0":"post-37978","1":"product","2":"type-product","3":"status-publish","4":"has-post-thumbnail","6":"product_brand-paclan","7":"product_cat-kucanski-pribor-238","8":"product_cat-sve-za-dom","10":"first","11":"outofstock","12":"shipping-taxable","13":"purchasable","14":"product-type-simple"},"_links":{"self":[{"href":"https:\/\/singuli.wpress.me\/index.php\/wp-json\/wp\/v2\/product\/37978","targetHints":{"allow":["GET"]}}],"collection":[{"href":"https:\/\/singuli.wpress.me\/index.php\/wp-json\/wp\/v2\/product"}],"about":[{"href":"https:\/\/singuli.wpress.me\/index.php\/wp-json\/wp\/v2\/types\/product"}],"version-history":[{"count":0,"href":"https:\/\/singuli.wpress.me\/index.php\/wp-json\/wp\/v2\/product\/37978\/revisions"}],"wp:featuredmedia":[{"embeddable":true,"href":"https:\/\/singuli.wpress.me\/index.php\/wp-json\/wp\/v2\/media\/37979"}],"wp:attachment":[{"href":"https:\/\/singuli.wpress.me\/index.php\/wp-json\/wp\/v2\/media?parent=37978"}],"wp:term":[{"taxonomy":"product_brand","embeddable":true,"href":"https:\/\/singuli.wpress.me\/index.php\/wp-json\/wp\/v2\/product_brand?post=37978"},{"taxonomy":"product_cat","embeddable":true,"href":"https:\/\/singuli.wpress.me\/index.php\/wp-json\/wp\/v2\/product_cat?post=37978"},{"taxonomy":"product_tag","embeddable":true,"href":"https:\/\/singuli.wpress.me\/index.php\/wp-json\/wp\/v2\/product_tag?post=37978"}],"curies":[{"name":"wp","href":"https:\/\/api.w.org\/{rel}","templated":true}]}}