{"id":37984,"date":"2026-04-18T18:08:30","date_gmt":"2026-04-18T18:08:30","guid":{"rendered":"https:\/\/singuli.wpress.me\/index.php\/proizvod\/paclan-expert-folija-za-svjezinu-180-m-x-44-cm\/"},"modified":"2026-04-20T12:33:23","modified_gmt":"2026-04-20T12:33:23","slug":"paclan-expert-folija-za-svjezinu-180-m-x-44-cm","status":"publish","type":"product","link":"https:\/\/singuli.wpress.me\/index.php\/proizvod\/paclan-expert-folija-za-svjezinu-180-m-x-44-cm\/","title":{"rendered":"PACLAN Expert, folija za svje\u017einu, 180 m x 44 cm"},"content":{"rendered":"<p>Paclan Expert prijanjaju\u0107a folija \u010dvrsto prianja uz posude i namirnice, zadr\u017eavaju\u0107i svje\u017einu. Izra\u0111ena od materijala odobrenih za izravan kontakt s hranom. Fleksibilna i rastezljiva \u2014 lako se prilago\u0111ava razli\u010ditim oblicima i veli\u010dinama posuda. Du\u017eina 180 m, \u0161irina 44 cm.<\/p>\n","protected":false},"excerpt":{"rendered":"<p>Izvrsna svojstva prijanjanja \u2014 \u010dvrsto prianja uz posude i namirnice, zadr\u017eavaju\u0107i svje\u017einu hrane<br \/>\nSigurni materijali za hranu \u2014 izra\u0111ena od materijala odobrenih za izravan kontakt s hranom<br \/>\n\u0160iroka ekonomi\u010dna rola 180 m x 44 cm \u2014 idealna za ve\u0107e posude i profesionalnu upotrebu<\/p>\n","protected":false},"featured_media":37985,"template":"","meta":{"_seopress_robots_primary_cat":"","_seopress_titles_title":"","_seopress_titles_desc":"","_seopress_robots_index":"","iawp_total_views":0},"product_brand":[474],"product_cat":[274,238],"product_tag":[],"class_list":{"0":"post-37984","1":"product","2":"type-product","3":"status-publish","4":"has-post-thumbnail","6":"product_brand-paclan","7":"product_cat-kucanski-pribor-238","8":"product_cat-sve-za-dom","10":"first","11":"outofstock","12":"shipping-taxable","13":"purchasable","14":"product-type-simple"},"_links":{"self":[{"href":"https:\/\/singuli.wpress.me\/index.php\/wp-json\/wp\/v2\/product\/37984","targetHints":{"allow":["GET"]}}],"collection":[{"href":"https:\/\/singuli.wpress.me\/index.php\/wp-json\/wp\/v2\/product"}],"about":[{"href":"https:\/\/singuli.wpress.me\/index.php\/wp-json\/wp\/v2\/types\/product"}],"version-history":[{"count":0,"href":"https:\/\/singuli.wpress.me\/index.php\/wp-json\/wp\/v2\/product\/37984\/revisions"}],"wp:featuredmedia":[{"embeddable":true,"href":"https:\/\/singuli.wpress.me\/index.php\/wp-json\/wp\/v2\/media\/37985"}],"wp:attachment":[{"href":"https:\/\/singuli.wpress.me\/index.php\/wp-json\/wp\/v2\/media?parent=37984"}],"wp:term":[{"taxonomy":"product_brand","embeddable":true,"href":"https:\/\/singuli.wpress.me\/index.php\/wp-json\/wp\/v2\/product_brand?post=37984"},{"taxonomy":"product_cat","embeddable":true,"href":"https:\/\/singuli.wpress.me\/index.php\/wp-json\/wp\/v2\/product_cat?post=37984"},{"taxonomy":"product_tag","embeddable":true,"href":"https:\/\/singuli.wpress.me\/index.php\/wp-json\/wp\/v2\/product_tag?post=37984"}],"curies":[{"name":"wp","href":"https:\/\/api.w.org\/{rel}","templated":true}]}}