{"id":37993,"date":"2026-04-18T18:08:32","date_gmt":"2026-04-18T18:08:32","guid":{"rendered":"https:\/\/singuli.wpress.me\/index.php\/proizvod\/pampers-aqua-vlazne-maramice-720-kom\/"},"modified":"2026-04-20T12:33:23","modified_gmt":"2026-04-20T12:33:23","slug":"pampers-aqua-vlazne-maramice-720-kom","status":"publish","type":"product","link":"https:\/\/singuli.wpress.me\/index.php\/proizvod\/pampers-aqua-vlazne-maramice-720-kom\/","title":{"rendered":"PAMPERS Aqua, vla\u017ene maramice, 720\u00a0kom"},"content":{"rendered":"<p>Pampers 99 % Water \u2013 lagani losion s 99 % vode. Na\u0161e dje\u010dje vla\u017ene maramice omogu\u0107uju nje\u017eno \u010di\u0161\u0107enje ko\u017ee i poma\u017eu za\u0161tititi osjetljivu bebinu ko\u017eu zahvaljuju\u0107i posebnoj formuli koja poma\u017ee obnoviti prirodni pH ko\u017ee i \u0161titi ko\u017eu od crvenila. Ove vla\u017ene maramice sadr\u017ee 0 % alkohola i dodanih mirisa. Formula je dermatolo\u0161ki testirana. Odobrili su je dermatolozi udru\u017eenja Skin Health Alliance.<\/p>\n","protected":false},"excerpt":{"rendered":"<p>Lagani losion s 99 % vode<br \/>\nDje\u010dje vla\u017ene maramice pru\u017eaju nje\u017eno \u010di\u0161\u0107enje ko\u017ee<br \/>\nNa\u0161a posebna formula poma\u017ee obnoviti prirodni pH ko\u017ee i \u0161titi ko\u017eu od crvenila<\/p>\n","protected":false},"featured_media":37994,"template":"","meta":{"_seopress_robots_primary_cat":"","_seopress_titles_title":"","_seopress_titles_desc":"","_seopress_robots_index":"","iawp_total_views":0},"product_brand":[444],"product_cat":[268,278],"product_tag":[],"class_list":{"0":"post-37993","1":"product","2":"type-product","3":"status-publish","4":"has-post-thumbnail","6":"product_brand-pampers","7":"product_cat-kozmetika-2","8":"product_cat-njega-tijela-268","10":"first","11":"outofstock","12":"shipping-taxable","13":"purchasable","14":"product-type-simple"},"_links":{"self":[{"href":"https:\/\/singuli.wpress.me\/index.php\/wp-json\/wp\/v2\/product\/37993","targetHints":{"allow":["GET"]}}],"collection":[{"href":"https:\/\/singuli.wpress.me\/index.php\/wp-json\/wp\/v2\/product"}],"about":[{"href":"https:\/\/singuli.wpress.me\/index.php\/wp-json\/wp\/v2\/types\/product"}],"version-history":[{"count":0,"href":"https:\/\/singuli.wpress.me\/index.php\/wp-json\/wp\/v2\/product\/37993\/revisions"}],"wp:featuredmedia":[{"embeddable":true,"href":"https:\/\/singuli.wpress.me\/index.php\/wp-json\/wp\/v2\/media\/37994"}],"wp:attachment":[{"href":"https:\/\/singuli.wpress.me\/index.php\/wp-json\/wp\/v2\/media?parent=37993"}],"wp:term":[{"taxonomy":"product_brand","embeddable":true,"href":"https:\/\/singuli.wpress.me\/index.php\/wp-json\/wp\/v2\/product_brand?post=37993"},{"taxonomy":"product_cat","embeddable":true,"href":"https:\/\/singuli.wpress.me\/index.php\/wp-json\/wp\/v2\/product_cat?post=37993"},{"taxonomy":"product_tag","embeddable":true,"href":"https:\/\/singuli.wpress.me\/index.php\/wp-json\/wp\/v2\/product_tag?post=37993"}],"curies":[{"name":"wp","href":"https:\/\/api.w.org\/{rel}","templated":true}]}}