{"id":38008,"date":"2026-04-18T18:08:35","date_gmt":"2026-04-18T18:08:35","guid":{"rendered":"https:\/\/singuli.wpress.me\/index.php\/proizvod\/paclan-expert-punjive-vrecice-za-hranu-120-kom\/"},"modified":"2026-04-20T12:33:23","modified_gmt":"2026-04-20T12:33:23","slug":"paclan-expert-punjive-vrecice-za-hranu-120-kom","status":"publish","type":"product","link":"https:\/\/singuli.wpress.me\/index.php\/proizvod\/paclan-expert-punjive-vrecice-za-hranu-120-kom\/","title":{"rendered":"PACLAN Expert, punjive vre\u0107ice za hranu, 120 kom"},"content":{"rendered":"<p>Paclan Expert vre\u0107ice na roli od HDPE materijala certificiranog za kontakt s hranom. Prakti\u010dne i izdr\u017eljive vre\u0107ice za svakodnevno \u010desto kori\u0161tenje. 120 komada u roli.<\/p>\n","protected":false},"excerpt":{"rendered":"<p>Certificirano za kontakt s hranom \u2014 izra\u0111ene od HDPE materijala s osiguranom sigurno\u0161\u0107u i higijenom<br \/>\n120 komada u roli \u2014 prakti\u010dno i ekonomi\u010dno pakiranje za svakodnevnu upotrebu<br \/>\nLagane ali \u010dvrste \u2014 jednostavne za upotrebu i idealne za svakodnevno kori\u0161tenje<\/p>\n","protected":false},"featured_media":38009,"template":"","meta":{"_seopress_robots_primary_cat":"","_seopress_titles_title":"","_seopress_titles_desc":"","_seopress_robots_index":"","iawp_total_views":0},"product_brand":[474],"product_cat":[274,238],"product_tag":[],"class_list":{"0":"post-38008","1":"product","2":"type-product","3":"status-publish","4":"has-post-thumbnail","6":"product_brand-paclan","7":"product_cat-kucanski-pribor-238","8":"product_cat-sve-za-dom","10":"first","11":"outofstock","12":"shipping-taxable","13":"purchasable","14":"product-type-simple"},"_links":{"self":[{"href":"https:\/\/singuli.wpress.me\/index.php\/wp-json\/wp\/v2\/product\/38008","targetHints":{"allow":["GET"]}}],"collection":[{"href":"https:\/\/singuli.wpress.me\/index.php\/wp-json\/wp\/v2\/product"}],"about":[{"href":"https:\/\/singuli.wpress.me\/index.php\/wp-json\/wp\/v2\/types\/product"}],"version-history":[{"count":0,"href":"https:\/\/singuli.wpress.me\/index.php\/wp-json\/wp\/v2\/product\/38008\/revisions"}],"wp:featuredmedia":[{"embeddable":true,"href":"https:\/\/singuli.wpress.me\/index.php\/wp-json\/wp\/v2\/media\/38009"}],"wp:attachment":[{"href":"https:\/\/singuli.wpress.me\/index.php\/wp-json\/wp\/v2\/media?parent=38008"}],"wp:term":[{"taxonomy":"product_brand","embeddable":true,"href":"https:\/\/singuli.wpress.me\/index.php\/wp-json\/wp\/v2\/product_brand?post=38008"},{"taxonomy":"product_cat","embeddable":true,"href":"https:\/\/singuli.wpress.me\/index.php\/wp-json\/wp\/v2\/product_cat?post=38008"},{"taxonomy":"product_tag","embeddable":true,"href":"https:\/\/singuli.wpress.me\/index.php\/wp-json\/wp\/v2\/product_tag?post=38008"}],"curies":[{"name":"wp","href":"https:\/\/api.w.org\/{rel}","templated":true}]}}