{"id":38019,"date":"2026-04-18T18:08:38","date_gmt":"2026-04-18T18:08:38","guid":{"rendered":"https:\/\/singuli.wpress.me\/index.php\/proizvod\/pampers-premium-care-pants-pelene-gacice-vel-4-9kg-15kg-94-kom\/"},"modified":"2026-04-20T12:33:23","modified_gmt":"2026-04-20T12:33:23","slug":"pampers-premium-care-pants-pelene-gacice-vel-4-9kg-15kg-94-kom","status":"publish","type":"product","link":"https:\/\/singuli.wpress.me\/index.php\/proizvod\/pampers-premium-care-pants-pelene-gacice-vel-4-9kg-15kg-94-kom\/","title":{"rendered":"PAMPERS Premium Care Pants, pelene &#8211; ga\u0107ice, Vel. 4, 9kg-15kg, 94\u00a0kom"},"content":{"rendered":"<p>Kako va\u0161a beba postaje aktivnija, trebate pelenu koja pru\u017ea udobnost i pouzdanu za\u0161titu te prati svaki njen pokret. Pru\u017eite svojoj bebi najbolju Pampersovu udobnost i za\u0161titu od propu\u0161tanja s pelenama-ga\u0107icama Pampers Premium Care Pants: njihove meke trakice uz noge \u0161tite od crvenila i propu\u0161tanja, iznimno mekani, potpuno rastezljivi pojas prilago\u0111ava se bebinim nemirnim pokretima dok istra\u017euje svijet, a jedinstveni d\u017eep Stop &amp; Protect poma\u017ee sprije\u010diti propu\u0161tanje sa stra\u017enje strane. Kao i sve na\u0161e pelene-ga\u0107ice, i Pampers Premium Care Pants lako se mijenjaju \u010dak i kad se beba kre\u0107e: navucite ih jednim potezom, jednostavno skinite trganjem sa strane pa zalijepite trakom kako biste ih jednostavno odlo\u017eili. Kao i vama, Pampersu je sigurnost va\u0161e bebe na prvom mjestu: pelene-ga\u0107ice Pampers Premium Care Pants dermatolo\u0161ki su testirane i odobrili su ih dermatolozi udru\u017eenja Skin Health Alliance. \u017delite li saznati vi\u0161e o komponentama na\u0161ih proizvoda? Posjetite pampers.com.hr.<\/p>\n","protected":false},"excerpt":{"rendered":"<p>Na\u0161e najudobnije prianjanje \u0161titi bebinu ko\u017eu od crvenila i propu\u0161tanja<br \/>\nTrakice uz noge koje poma\u017eu sprije\u010diti propu\u0161tanja oko nogu<br \/>\nD\u017eep Stop &amp; Protect poma\u017ee sprije\u010diti propu\u0161tanja odostraga<\/p>\n","protected":false},"featured_media":38020,"template":"","meta":{"_seopress_robots_primary_cat":"","_seopress_titles_title":"","_seopress_titles_desc":"","_seopress_robots_index":"","iawp_total_views":0},"product_brand":[444],"product_cat":[211,310],"product_tag":[],"class_list":{"0":"post-38019","1":"product","2":"type-product","3":"status-publish","4":"has-post-thumbnail","6":"product_brand-pampers","7":"product_cat-njega-majke-i-djeteta","8":"product_cat-pelene-211","10":"first","11":"instock","12":"shipping-taxable","13":"purchasable","14":"product-type-simple"},"_links":{"self":[{"href":"https:\/\/singuli.wpress.me\/index.php\/wp-json\/wp\/v2\/product\/38019","targetHints":{"allow":["GET"]}}],"collection":[{"href":"https:\/\/singuli.wpress.me\/index.php\/wp-json\/wp\/v2\/product"}],"about":[{"href":"https:\/\/singuli.wpress.me\/index.php\/wp-json\/wp\/v2\/types\/product"}],"version-history":[{"count":0,"href":"https:\/\/singuli.wpress.me\/index.php\/wp-json\/wp\/v2\/product\/38019\/revisions"}],"wp:featuredmedia":[{"embeddable":true,"href":"https:\/\/singuli.wpress.me\/index.php\/wp-json\/wp\/v2\/media\/38020"}],"wp:attachment":[{"href":"https:\/\/singuli.wpress.me\/index.php\/wp-json\/wp\/v2\/media?parent=38019"}],"wp:term":[{"taxonomy":"product_brand","embeddable":true,"href":"https:\/\/singuli.wpress.me\/index.php\/wp-json\/wp\/v2\/product_brand?post=38019"},{"taxonomy":"product_cat","embeddable":true,"href":"https:\/\/singuli.wpress.me\/index.php\/wp-json\/wp\/v2\/product_cat?post=38019"},{"taxonomy":"product_tag","embeddable":true,"href":"https:\/\/singuli.wpress.me\/index.php\/wp-json\/wp\/v2\/product_tag?post=38019"}],"curies":[{"name":"wp","href":"https:\/\/api.w.org\/{rel}","templated":true}]}}