{"id":38028,"date":"2026-04-18T18:08:41","date_gmt":"2026-04-18T18:08:41","guid":{"rendered":"https:\/\/singuli.wpress.me\/index.php\/proizvod\/paclan-expert-aluminijska-folija-catering-075-kg-x3\/"},"modified":"2026-04-20T12:33:23","modified_gmt":"2026-04-20T12:33:23","slug":"paclan-expert-aluminijska-folija-catering-075-kg-x3","status":"publish","type":"product","link":"https:\/\/singuli.wpress.me\/index.php\/proizvod\/paclan-expert-aluminijska-folija-catering-075-kg-x3\/","title":{"rendered":"PACLAN Expert, aluminijska folija, catering 0,75 kg x3"},"content":{"rendered":"<p>Profesionalna aluminijska folija Paclan Expert za \u0161irok raspon potro\u0161a\u010dkih i ugostiteljskih potreba. Profesionalna debljina do 17,2 \u03bcm pru\u017ea dodatnu \u010dvrsto\u0107u i izdr\u017eljivost, idealnu za zahtjevnu upotrebu. Papirnata jezgra omogu\u0107uje glatko odmotavanje i bolju kontrolu.<\/p>\n","protected":false},"excerpt":{"rendered":"<p>Profesionalna debljina do 17,2 \u03bcm \u2014 \u010dvrsto\u0107a i izdr\u017eljivost za zahtjevnu ugostiteljsku upotrebu<br \/>\nPapirnata jezgra za u\u010dinkovitost \u2014 glatko odmotavanje i bolja kontrola pri intenzivnoj upotrebi<br \/>\nPakiranje 0,75 kg x3 \u2014 ekonomi\u010dno rje\u0161enje za ku\u0107anstvo i ugostiteljstvo<\/p>\n","protected":false},"featured_media":38029,"template":"","meta":{"_seopress_robots_primary_cat":"","_seopress_titles_title":"","_seopress_titles_desc":"","_seopress_robots_index":"","iawp_total_views":0},"product_brand":[474],"product_cat":[274,238],"product_tag":[],"class_list":{"0":"post-38028","1":"product","2":"type-product","3":"status-publish","4":"has-post-thumbnail","6":"product_brand-paclan","7":"product_cat-kucanski-pribor-238","8":"product_cat-sve-za-dom","10":"first","11":"outofstock","12":"shipping-taxable","13":"purchasable","14":"product-type-simple"},"_links":{"self":[{"href":"https:\/\/singuli.wpress.me\/index.php\/wp-json\/wp\/v2\/product\/38028","targetHints":{"allow":["GET"]}}],"collection":[{"href":"https:\/\/singuli.wpress.me\/index.php\/wp-json\/wp\/v2\/product"}],"about":[{"href":"https:\/\/singuli.wpress.me\/index.php\/wp-json\/wp\/v2\/types\/product"}],"version-history":[{"count":0,"href":"https:\/\/singuli.wpress.me\/index.php\/wp-json\/wp\/v2\/product\/38028\/revisions"}],"wp:featuredmedia":[{"embeddable":true,"href":"https:\/\/singuli.wpress.me\/index.php\/wp-json\/wp\/v2\/media\/38029"}],"wp:attachment":[{"href":"https:\/\/singuli.wpress.me\/index.php\/wp-json\/wp\/v2\/media?parent=38028"}],"wp:term":[{"taxonomy":"product_brand","embeddable":true,"href":"https:\/\/singuli.wpress.me\/index.php\/wp-json\/wp\/v2\/product_brand?post=38028"},{"taxonomy":"product_cat","embeddable":true,"href":"https:\/\/singuli.wpress.me\/index.php\/wp-json\/wp\/v2\/product_cat?post=38028"},{"taxonomy":"product_tag","embeddable":true,"href":"https:\/\/singuli.wpress.me\/index.php\/wp-json\/wp\/v2\/product_tag?post=38028"}],"curies":[{"name":"wp","href":"https:\/\/api.w.org\/{rel}","templated":true}]}}