{"id":38030,"date":"2026-04-18T18:08:42","date_gmt":"2026-04-18T18:08:42","guid":{"rendered":"https:\/\/singuli.wpress.me\/index.php\/proizvod\/pampers-fresh-clean-vlazne-maramice-3\/"},"modified":"2026-04-21T00:26:54","modified_gmt":"2026-04-21T00:26:54","slug":"pampers-fresh-clean-vlazne-maramice-3","status":"publish","type":"product","link":"https:\/\/singuli.wpress.me\/index.php\/proizvod\/pampers-fresh-clean-vlazne-maramice-3\/","title":{"rendered":"PAMPERS Fresh Clean, vla\u017ene maramice"},"content":{"rendered":"<p>Dje\u010dje vla\u017ene maramice Pampers Fresh Clean za potpunu \u010disto\u0107u. Na\u0161e vla\u017ene maramice nje\u017eno \u010diste i poma\u017eu obnoviti prirodni pH ko\u017ee zahvaljuju\u0107i posebnoj formuli. Sadr\u017ee 0% alkohola. Formula je dermatolo\u0161ki ispitana. Odobrili su je dermatolozi udru\u017eenja Skin Health Alliance.<\/p>\n","protected":false},"excerpt":{"rendered":"<p>Dje\u010dje vla\u017ene maramice \u2013 za \u010disto\u0107u od glave do pete<br \/>\nNa\u0161a posebna formula poma\u017ee obnoviti prirodni pH ko\u017ee i \u0161titi ko\u017eu od crvenila<br \/>\nSadr\u017ee 0% alkohola<\/p>\n","protected":false},"featured_media":38031,"template":"","meta":{"_seopress_robots_primary_cat":"","_seopress_titles_title":"","_seopress_titles_desc":"","_seopress_robots_index":"","iawp_total_views":0},"product_brand":[444],"product_cat":[211,310],"product_tag":[],"class_list":{"0":"post-38030","1":"product","2":"type-product","3":"status-publish","4":"has-post-thumbnail","6":"product_brand-pampers","7":"product_cat-njega-majke-i-djeteta","8":"product_cat-pelene-211","10":"first","11":"outofstock","12":"shipping-taxable","13":"purchasable","14":"product-type-simple"},"_links":{"self":[{"href":"https:\/\/singuli.wpress.me\/index.php\/wp-json\/wp\/v2\/product\/38030","targetHints":{"allow":["GET"]}}],"collection":[{"href":"https:\/\/singuli.wpress.me\/index.php\/wp-json\/wp\/v2\/product"}],"about":[{"href":"https:\/\/singuli.wpress.me\/index.php\/wp-json\/wp\/v2\/types\/product"}],"version-history":[{"count":0,"href":"https:\/\/singuli.wpress.me\/index.php\/wp-json\/wp\/v2\/product\/38030\/revisions"}],"wp:featuredmedia":[{"embeddable":true,"href":"https:\/\/singuli.wpress.me\/index.php\/wp-json\/wp\/v2\/media\/38031"}],"wp:attachment":[{"href":"https:\/\/singuli.wpress.me\/index.php\/wp-json\/wp\/v2\/media?parent=38030"}],"wp:term":[{"taxonomy":"product_brand","embeddable":true,"href":"https:\/\/singuli.wpress.me\/index.php\/wp-json\/wp\/v2\/product_brand?post=38030"},{"taxonomy":"product_cat","embeddable":true,"href":"https:\/\/singuli.wpress.me\/index.php\/wp-json\/wp\/v2\/product_cat?post=38030"},{"taxonomy":"product_tag","embeddable":true,"href":"https:\/\/singuli.wpress.me\/index.php\/wp-json\/wp\/v2\/product_tag?post=38030"}],"curies":[{"name":"wp","href":"https:\/\/api.w.org\/{rel}","templated":true}]}}