{"id":38041,"date":"2026-04-18T18:08:45","date_gmt":"2026-04-18T18:08:45","guid":{"rendered":"https:\/\/singuli.wpress.me\/index.php\/proizvod\/pampers-aqua-soft-touch-vlazne-maramice-60-kom\/"},"modified":"2026-04-21T00:26:54","modified_gmt":"2026-04-21T00:26:54","slug":"pampers-aqua-soft-touch-vlazne-maramice-60-kom","status":"publish","type":"product","link":"https:\/\/singuli.wpress.me\/index.php\/proizvod\/pampers-aqua-soft-touch-vlazne-maramice-60-kom\/","title":{"rendered":"PAMPERS Aqua Soft Touch, vla\u017ene maramice, 60\u00a0kom"},"content":{"rendered":"<p>Dje\u010dje vla\u017ene maramice Pampers Aqua Soft Touch \u2013 Pampersovo najbolje \u010di\u0161\u0107enje i za\u0161tita ko\u017ee. Meke teksture i s losionom s 99 % vode, na\u0161e vla\u017ene maramice nje\u017eno \u010diste i poma\u017eu za\u0161tititi osjetljivu bebinu ko\u017eu, zahvaljuju\u0107i na\u0161oj posebnoj formuli koja poma\u017ee obnoviti prirodni pH ko\u017ee i \u0161titi ko\u017eu od crvenila. Ove vla\u017ene maramice sadr\u017ee 0 % alkohola i dodanih mirisa. Formula je dermatolo\u0161ki testirana. Odobrili su je dermatolozi udru\u017eenja Skin Health Alliance.<\/p>\n","protected":false},"excerpt":{"rendered":"<p>Losion s 99 % vode<br \/>\nDje\u010dje vla\u017ene maramice s mekom jastu\u010dastom teksturom za lako \u010di\u0161\u0107enje<br \/>\nPampersovo najbolje \u010di\u0161\u0107enje i za\u0161tita ko\u017ee<\/p>\n","protected":false},"featured_media":38042,"template":"","meta":{"_seopress_robots_primary_cat":"","_seopress_titles_title":"","_seopress_titles_desc":"","_seopress_robots_index":"","iawp_total_views":0},"product_brand":[444],"product_cat":[268,278],"product_tag":[],"class_list":{"0":"post-38041","1":"product","2":"type-product","3":"status-publish","4":"has-post-thumbnail","6":"product_brand-pampers","7":"product_cat-kozmetika-2","8":"product_cat-njega-tijela-268","10":"first","11":"instock","12":"shipping-taxable","13":"purchasable","14":"product-type-simple"},"_links":{"self":[{"href":"https:\/\/singuli.wpress.me\/index.php\/wp-json\/wp\/v2\/product\/38041","targetHints":{"allow":["GET"]}}],"collection":[{"href":"https:\/\/singuli.wpress.me\/index.php\/wp-json\/wp\/v2\/product"}],"about":[{"href":"https:\/\/singuli.wpress.me\/index.php\/wp-json\/wp\/v2\/types\/product"}],"version-history":[{"count":0,"href":"https:\/\/singuli.wpress.me\/index.php\/wp-json\/wp\/v2\/product\/38041\/revisions"}],"wp:featuredmedia":[{"embeddable":true,"href":"https:\/\/singuli.wpress.me\/index.php\/wp-json\/wp\/v2\/media\/38042"}],"wp:attachment":[{"href":"https:\/\/singuli.wpress.me\/index.php\/wp-json\/wp\/v2\/media?parent=38041"}],"wp:term":[{"taxonomy":"product_brand","embeddable":true,"href":"https:\/\/singuli.wpress.me\/index.php\/wp-json\/wp\/v2\/product_brand?post=38041"},{"taxonomy":"product_cat","embeddable":true,"href":"https:\/\/singuli.wpress.me\/index.php\/wp-json\/wp\/v2\/product_cat?post=38041"},{"taxonomy":"product_tag","embeddable":true,"href":"https:\/\/singuli.wpress.me\/index.php\/wp-json\/wp\/v2\/product_tag?post=38041"}],"curies":[{"name":"wp","href":"https:\/\/api.w.org\/{rel}","templated":true}]}}