{"id":38061,"date":"2026-04-18T18:08:51","date_gmt":"2026-04-18T18:08:51","guid":{"rendered":"https:\/\/singuli.wpress.me\/index.php\/proizvod\/radgonske-gorice-penina-zlata-semi-dry-pjenusac-0-75-ml\/"},"modified":"2026-04-20T12:33:23","modified_gmt":"2026-04-20T12:33:23","slug":"radgonske-gorice-penina-zlata-semi-dry-pjenusac-0-75-ml","status":"publish","type":"product","link":"https:\/\/singuli.wpress.me\/index.php\/proizvod\/radgonske-gorice-penina-zlata-semi-dry-pjenusac-0-75-ml\/","title":{"rendered":"RADGONSKE GORICE Penina Zlata Semi Dry, pjenu\u0161ac, 0.75\u00a0ml"},"content":{"rendered":"<p>Ovaj pjenu\u0161ac stvoren je da zadovolji va\u0161a osjetila i iznenadi vas svojom nevjerojatnom \u017eivahno\u0161\u0107u i svje\u017einom. Krasi ga blistava, sun\u010dano \u017euta boja te vrlo postojani mjehuri\u0107i koji ne prestaju plesati u \u010da\u0161i.<\/p>\n<p>\u0160iroki mirisni profil nudi note zrele jabuke i kru\u0161ke, koje nadopunjuje profinjenost mirisa svje\u017eeg brioche peciva. Rije\u010d je o elegantnom, glatkom i lijepo uravnote\u017eenom pjenu\u0161avom vinu s laganim slatkastim dodirom, koji slu\u017ei kao savr\u0161ena &quot;to\u010dka na i&quot; va\u0161im posebnim i slatkim trenucima.<\/p>\n","protected":false},"excerpt":{"rendered":"<p>Volumen alkohola: 12,0 % vol.<br \/>\nKarakter: Polusuho, iznimno glatko i elegantno<br \/>\nGastro preporuka: Izvrsno pristaje uz piletinu, razne grickalice, pa\u0161tete te jela azijske kuhinje<\/p>\n","protected":false},"featured_media":38062,"template":"","meta":{"_seopress_robots_primary_cat":"","_seopress_titles_title":"","_seopress_titles_desc":"","_seopress_robots_index":"","iawp_total_views":0},"product_brand":[805],"product_cat":[298,261],"product_tag":[],"class_list":{"0":"post-38061","1":"product","2":"type-product","3":"status-publish","4":"has-post-thumbnail","6":"product_brand-radgonske-gorice","7":"product_cat-alkoholna-pica-261","8":"product_cat-hrana-i-pice","10":"first","11":"instock","12":"shipping-taxable","13":"purchasable","14":"product-type-simple"},"_links":{"self":[{"href":"https:\/\/singuli.wpress.me\/index.php\/wp-json\/wp\/v2\/product\/38061","targetHints":{"allow":["GET"]}}],"collection":[{"href":"https:\/\/singuli.wpress.me\/index.php\/wp-json\/wp\/v2\/product"}],"about":[{"href":"https:\/\/singuli.wpress.me\/index.php\/wp-json\/wp\/v2\/types\/product"}],"version-history":[{"count":0,"href":"https:\/\/singuli.wpress.me\/index.php\/wp-json\/wp\/v2\/product\/38061\/revisions"}],"wp:featuredmedia":[{"embeddable":true,"href":"https:\/\/singuli.wpress.me\/index.php\/wp-json\/wp\/v2\/media\/38062"}],"wp:attachment":[{"href":"https:\/\/singuli.wpress.me\/index.php\/wp-json\/wp\/v2\/media?parent=38061"}],"wp:term":[{"taxonomy":"product_brand","embeddable":true,"href":"https:\/\/singuli.wpress.me\/index.php\/wp-json\/wp\/v2\/product_brand?post=38061"},{"taxonomy":"product_cat","embeddable":true,"href":"https:\/\/singuli.wpress.me\/index.php\/wp-json\/wp\/v2\/product_cat?post=38061"},{"taxonomy":"product_tag","embeddable":true,"href":"https:\/\/singuli.wpress.me\/index.php\/wp-json\/wp\/v2\/product_tag?post=38061"}],"curies":[{"name":"wp","href":"https:\/\/api.w.org\/{rel}","templated":true}]}}