{"id":38063,"date":"2026-04-18T18:08:52","date_gmt":"2026-04-18T18:08:52","guid":{"rendered":"https:\/\/singuli.wpress.me\/index.php\/proizvod\/becutan-ulje-200-ml\/"},"modified":"2026-04-20T12:33:23","modified_gmt":"2026-04-20T12:33:23","slug":"becutan-ulje-200-ml","status":"publish","type":"product","link":"https:\/\/singuli.wpress.me\/index.php\/proizvod\/becutan-ulje-200-ml\/","title":{"rendered":"BECUTAN, ulje, 200\u00a0ml"},"content":{"rendered":"<p>U\u010dinite trenutke povezivanja s va\u0161om bebom jo\u0161 toplijima uz Becutan dje\u010dje ulje. Ovo ulje je savr\u0161en izbor za svakodnevnu masa\u017eu, pru\u017eaju\u0107i ko\u017ei potrebnu vlagu i za\u0161titu. Njegova blaga formula posebno je u\u010dinkovita u za\u0161titi osjetljivih dijelova tijela sklonih iritacijama i crvenilu. Osim za njegu, idealno je i za tretiranje tjemenice kod novoro\u0111en\u010dadi jer poma\u017ee omek\u0161ati i lak\u0161e ukloniti naslage na glavi. Redovitom upotrebom, ko\u017ea va\u0161e bebe bit \u0107e za\u0161ti\u0107ena od isu\u0161ivanja, ostaju\u0107i bar\u0161unasto meka i nje\u017ena na dodir.<\/p>\n","protected":false},"excerpt":{"rendered":"<p>Nje\u017ena tekstura omogu\u0107uje laku masa\u017eu koja smiruje bebu i poti\u010de razvoj kroz dodir<br \/>\nU\u010dinkovito omek\u0161ava tvrde naslage na vlasi\u0161tu novoro\u0111en\u010dadi, olak\u0161avaju\u0107i njihovo sigurno uklanjanje.<br \/>\nStvara blagi za\u0161titni film koji sprje\u010dava gubitak vlage te umiruje crvenilo na najosjetljivijim dijelovima ko\u017ee<\/p>\n","protected":false},"featured_media":38064,"template":"","meta":{"_seopress_robots_primary_cat":"","_seopress_titles_title":"","_seopress_titles_desc":"","_seopress_robots_index":"","iawp_total_views":0},"product_brand":[803],"product_cat":[268,278],"product_tag":[],"class_list":{"0":"post-38063","1":"product","2":"type-product","3":"status-publish","4":"has-post-thumbnail","6":"product_brand-becutan","7":"product_cat-kozmetika-2","8":"product_cat-njega-tijela-268","10":"first","11":"instock","12":"shipping-taxable","13":"purchasable","14":"product-type-simple"},"_links":{"self":[{"href":"https:\/\/singuli.wpress.me\/index.php\/wp-json\/wp\/v2\/product\/38063","targetHints":{"allow":["GET"]}}],"collection":[{"href":"https:\/\/singuli.wpress.me\/index.php\/wp-json\/wp\/v2\/product"}],"about":[{"href":"https:\/\/singuli.wpress.me\/index.php\/wp-json\/wp\/v2\/types\/product"}],"version-history":[{"count":0,"href":"https:\/\/singuli.wpress.me\/index.php\/wp-json\/wp\/v2\/product\/38063\/revisions"}],"wp:featuredmedia":[{"embeddable":true,"href":"https:\/\/singuli.wpress.me\/index.php\/wp-json\/wp\/v2\/media\/38064"}],"wp:attachment":[{"href":"https:\/\/singuli.wpress.me\/index.php\/wp-json\/wp\/v2\/media?parent=38063"}],"wp:term":[{"taxonomy":"product_brand","embeddable":true,"href":"https:\/\/singuli.wpress.me\/index.php\/wp-json\/wp\/v2\/product_brand?post=38063"},{"taxonomy":"product_cat","embeddable":true,"href":"https:\/\/singuli.wpress.me\/index.php\/wp-json\/wp\/v2\/product_cat?post=38063"},{"taxonomy":"product_tag","embeddable":true,"href":"https:\/\/singuli.wpress.me\/index.php\/wp-json\/wp\/v2\/product_tag?post=38063"}],"curies":[{"name":"wp","href":"https:\/\/api.w.org\/{rel}","templated":true}]}}