{"id":38081,"date":"2026-04-18T18:08:54","date_gmt":"2026-04-18T18:08:54","guid":{"rendered":"https:\/\/singuli.wpress.me\/index.php\/proizvod\/ariel-professional-professional-plus-praskasti-deterdzent-13kg-130-pranja\/"},"modified":"2026-04-20T12:33:23","modified_gmt":"2026-04-20T12:33:23","slug":"ariel-professional-professional-plus-praskasti-deterdzent-13kg-130-pranja","status":"publish","type":"product","link":"https:\/\/singuli.wpress.me\/index.php\/proizvod\/ariel-professional-professional-plus-praskasti-deterdzent-13kg-130-pranja\/","title":{"rendered":"ARIEL PROFESSIONAL Professional Plus, pra\u0161kasti deterd\u017eent, 13kg, 130\u00a0pranja"},"content":{"rendered":"<p><span style=\"font-weight: bold\">Pra\u0161kasti deterd\u017eent Ariel Professional Plus<\/span> profesionalni je deterd\u017eent posebno formuliran kako bi o\u010distio za 5 zvjezdica, ba\u0161 kako tra\u017ee profesionalci: odli\u010dno uklanja mrlje, dubinski \u010disti, ostavlja blistavu bjelinu i svje\u017e miris te je u\u010dinkovit pri niskim temperaturama.<\/p>\n","protected":false},"excerpt":{"rendered":"<p>Izuzetno u\u010dinkoviti sastojci izvanredno uklanjaju i \u010diste najtvrdokornije mrlje na profesionalnom rublju<br \/>\nS posebnim tehnologijama koje dulje odr\u017eavaju bjelinu va\u0161eg bijelog rublja<br \/>\nSustav dodanih mirisa ostavlja svje\u017e miris koji nije prete\u017eak, savr\u0161eno za profesionalno rublje<\/p>\n","protected":false},"featured_media":38082,"template":"","meta":{"_seopress_robots_primary_cat":"","_seopress_titles_title":"","_seopress_titles_desc":"","_seopress_robots_index":"","iawp_total_views":0},"product_brand":[768],"product_cat":[283,238],"product_tag":[],"class_list":{"0":"post-38081","1":"product","2":"type-product","3":"status-publish","4":"has-post-thumbnail","6":"product_brand-ariel-professional","7":"product_cat-pranje-rublja-238","8":"product_cat-sve-za-dom","10":"first","11":"instock","12":"shipping-taxable","13":"purchasable","14":"product-type-simple"},"_links":{"self":[{"href":"https:\/\/singuli.wpress.me\/index.php\/wp-json\/wp\/v2\/product\/38081","targetHints":{"allow":["GET"]}}],"collection":[{"href":"https:\/\/singuli.wpress.me\/index.php\/wp-json\/wp\/v2\/product"}],"about":[{"href":"https:\/\/singuli.wpress.me\/index.php\/wp-json\/wp\/v2\/types\/product"}],"version-history":[{"count":0,"href":"https:\/\/singuli.wpress.me\/index.php\/wp-json\/wp\/v2\/product\/38081\/revisions"}],"wp:featuredmedia":[{"embeddable":true,"href":"https:\/\/singuli.wpress.me\/index.php\/wp-json\/wp\/v2\/media\/38082"}],"wp:attachment":[{"href":"https:\/\/singuli.wpress.me\/index.php\/wp-json\/wp\/v2\/media?parent=38081"}],"wp:term":[{"taxonomy":"product_brand","embeddable":true,"href":"https:\/\/singuli.wpress.me\/index.php\/wp-json\/wp\/v2\/product_brand?post=38081"},{"taxonomy":"product_cat","embeddable":true,"href":"https:\/\/singuli.wpress.me\/index.php\/wp-json\/wp\/v2\/product_cat?post=38081"},{"taxonomy":"product_tag","embeddable":true,"href":"https:\/\/singuli.wpress.me\/index.php\/wp-json\/wp\/v2\/product_tag?post=38081"}],"curies":[{"name":"wp","href":"https:\/\/api.w.org\/{rel}","templated":true}]}}