{"id":38086,"date":"2026-04-18T18:08:56","date_gmt":"2026-04-18T18:08:56","guid":{"rendered":"https:\/\/singuli.wpress.me\/index.php\/proizvod\/ariel-extra-hygiene-kapsule-za-pranje-rublja-88-pranja-2\/"},"modified":"2026-04-20T12:33:23","modified_gmt":"2026-04-20T12:33:23","slug":"ariel-extra-hygiene-kapsule-za-pranje-rublja-88-pranja-2","status":"publish","type":"product","link":"https:\/\/singuli.wpress.me\/index.php\/proizvod\/ariel-extra-hygiene-kapsule-za-pranje-rublja-88-pranja-2\/","title":{"rendered":"ARIEL  +Extra Hygiene, kapsule za pranje rublja, 88 pranja"},"content":{"rendered":"<p>Ariel, marka koju preporu\u010duju Whirlpool, Electrolux, Candy i Beko, predstavlja <span style=\"font-weight: bold\">kapsule teku\u0107eg deterd\u017eenta Ariel Allin1 PODS\u00ae+<\/span> s dodatnom snagom uklanjanja mrlja, Arielove najbolje kapsule Allin1 PODS\u00ae+! Imaju dodatnu crvenu komoru te uklanjaju \u010dak i sedmodnevne skorene mrlje i neugodne mirise. Osmi\u0161ljene su za izvanredno \u010di\u0161\u0107enje \u010dak i na programima s ni\u017eim temperaturama pranja, brzo se otapaju \u010dak i u hladnoj vodi te pru\u017eaju besprijekorne rezultate. Za najbolje rezultate, u bubanj perilice prvo stavite kapsulu, a zatim rublje na nju.&nbsp;<\/p>\n","protected":false},"excerpt":{"rendered":"<p>Dubinsko \u010di\u0161\u0107enje i dodatna snaga uklanjanja mrlja<br \/>\nUklanjaju mrlje, donose blistavost, osvje\u017eavaju, \u0161tite tkaninu, osmi\u0161ljene za pranje na ni\u017eim temperaturama<br \/>\nPreporu\u010dena marka deterd\u017eenta<\/p>\n","protected":false},"featured_media":38087,"template":"","meta":{"_seopress_robots_primary_cat":"","_seopress_titles_title":"","_seopress_titles_desc":"","_seopress_robots_index":"","iawp_total_views":0},"product_brand":[427],"product_cat":[283,238],"product_tag":[],"class_list":{"0":"post-38086","1":"product","2":"type-product","3":"status-publish","4":"has-post-thumbnail","6":"product_brand-ariel","7":"product_cat-pranje-rublja-238","8":"product_cat-sve-za-dom","10":"first","11":"outofstock","12":"shipping-taxable","13":"purchasable","14":"product-type-simple"},"_links":{"self":[{"href":"https:\/\/singuli.wpress.me\/index.php\/wp-json\/wp\/v2\/product\/38086","targetHints":{"allow":["GET"]}}],"collection":[{"href":"https:\/\/singuli.wpress.me\/index.php\/wp-json\/wp\/v2\/product"}],"about":[{"href":"https:\/\/singuli.wpress.me\/index.php\/wp-json\/wp\/v2\/types\/product"}],"version-history":[{"count":0,"href":"https:\/\/singuli.wpress.me\/index.php\/wp-json\/wp\/v2\/product\/38086\/revisions"}],"wp:featuredmedia":[{"embeddable":true,"href":"https:\/\/singuli.wpress.me\/index.php\/wp-json\/wp\/v2\/media\/38087"}],"wp:attachment":[{"href":"https:\/\/singuli.wpress.me\/index.php\/wp-json\/wp\/v2\/media?parent=38086"}],"wp:term":[{"taxonomy":"product_brand","embeddable":true,"href":"https:\/\/singuli.wpress.me\/index.php\/wp-json\/wp\/v2\/product_brand?post=38086"},{"taxonomy":"product_cat","embeddable":true,"href":"https:\/\/singuli.wpress.me\/index.php\/wp-json\/wp\/v2\/product_cat?post=38086"},{"taxonomy":"product_tag","embeddable":true,"href":"https:\/\/singuli.wpress.me\/index.php\/wp-json\/wp\/v2\/product_tag?post=38086"}],"curies":[{"name":"wp","href":"https:\/\/api.w.org\/{rel}","templated":true}]}}