{"id":38120,"date":"2026-04-18T18:09:13","date_gmt":"2026-04-18T18:09:13","guid":{"rendered":"https:\/\/singuli.wpress.me\/index.php\/proizvod\/pampers-active-baby-pants-pelene-gacice-vel-3-6kg-11kg-180-kom\/"},"modified":"2026-04-20T12:33:23","modified_gmt":"2026-04-20T12:33:23","slug":"pampers-active-baby-pants-pelene-gacice-vel-3-6kg-11kg-180-kom","status":"publish","type":"product","link":"https:\/\/singuli.wpress.me\/index.php\/proizvod\/pampers-active-baby-pants-pelene-gacice-vel-3-6kg-11kg-180-kom\/","title":{"rendered":"PAMPERS Active Baby Pants, pelene &#8211; ga\u0107ice, Vel. 3, 6kg-11kg, 180\u00a0kom"},"content":{"rendered":"<p>Kako va\u0161a beba postaje aktivnija, trebate pelenu koja pru\u017ea udobnost i pouzdanu za\u0161titu te prati svaki njen pokret. Zahvaljuju\u0107i revolucionarnom sustavu Stop &amp; Protect, pelene-ga\u0107ice Pampers Active Baby Pants pru\u017eaju vrhunsku sveobuhvatnu za\u0161titu od propu\u0161tanja danju i no\u0107u! Sustav Stop &amp; Protect pelena-ga\u0107ica Pampers Active Baby Pants uklju\u010duje: trakice uz noge koje spre\u010davaju propu\u0161tanja sa strana, d\u017eep koji poma\u017ee sprije\u010diti propu\u0161tanja odostraga, potpuno rastezljivi pojas koji se prilago\u0111ava tijelu va\u0161eg mali\u0161ana dok se kre\u0107e i iznimno upijaju\u0107u jezgru koja pru\u017ea do 12 sati za\u0161tite. Kao i sve na\u0161e pelene-ga\u0107ice, Pampers Active Baby Pants lako se mijenjaju \u010dak i kad se beba kre\u0107e: navucite ih jednim potezom. Kao i vama, Pampersu je sigurnost va\u0161e bebe na prvom mjestu: pelene-ga\u0107ice Pampers Active Baby Pants dermatolo\u0161ki su ispitane i odobrili su ih dermatolozi udru\u017eenja Skin Health Alliance. \u017delite li saznati vi\u0161e o komponentama na\u0161ih proizvoda? Posjetite pampers.com.hr.<\/p>\n","protected":false},"excerpt":{"rendered":"<p>Trostruka za\u0161tita sa sustavom Stop &amp; Protect: trakice uz noge koje poma\u017eu sprije\u010diti propu\u0161tanja sa strana, d\u017eep koji poma\u017ee sprije\u010diti propu\u0161tanja odostraga i udobno 360\u00b0 prianjanje<br \/>\nIznimno meki materijali kako bi va\u0161a beba u\u017eivala udobnosti<br \/>\nTrakice uz noge poma\u017eu sprije\u010diti propu\u0161tanja oko nogu<\/p>\n","protected":false},"featured_media":38121,"template":"","meta":{"_seopress_robots_primary_cat":"","_seopress_titles_title":"","_seopress_titles_desc":"","_seopress_robots_index":"","iawp_total_views":0},"product_brand":[444],"product_cat":[211,310],"product_tag":[],"class_list":{"0":"post-38120","1":"product","2":"type-product","3":"status-publish","4":"has-post-thumbnail","6":"product_brand-pampers","7":"product_cat-njega-majke-i-djeteta","8":"product_cat-pelene-211","10":"first","11":"instock","12":"shipping-taxable","13":"purchasable","14":"product-type-simple"},"_links":{"self":[{"href":"https:\/\/singuli.wpress.me\/index.php\/wp-json\/wp\/v2\/product\/38120","targetHints":{"allow":["GET"]}}],"collection":[{"href":"https:\/\/singuli.wpress.me\/index.php\/wp-json\/wp\/v2\/product"}],"about":[{"href":"https:\/\/singuli.wpress.me\/index.php\/wp-json\/wp\/v2\/types\/product"}],"version-history":[{"count":0,"href":"https:\/\/singuli.wpress.me\/index.php\/wp-json\/wp\/v2\/product\/38120\/revisions"}],"wp:featuredmedia":[{"embeddable":true,"href":"https:\/\/singuli.wpress.me\/index.php\/wp-json\/wp\/v2\/media\/38121"}],"wp:attachment":[{"href":"https:\/\/singuli.wpress.me\/index.php\/wp-json\/wp\/v2\/media?parent=38120"}],"wp:term":[{"taxonomy":"product_brand","embeddable":true,"href":"https:\/\/singuli.wpress.me\/index.php\/wp-json\/wp\/v2\/product_brand?post=38120"},{"taxonomy":"product_cat","embeddable":true,"href":"https:\/\/singuli.wpress.me\/index.php\/wp-json\/wp\/v2\/product_cat?post=38120"},{"taxonomy":"product_tag","embeddable":true,"href":"https:\/\/singuli.wpress.me\/index.php\/wp-json\/wp\/v2\/product_tag?post=38120"}],"curies":[{"name":"wp","href":"https:\/\/api.w.org\/{rel}","templated":true}]}}