{"id":38139,"date":"2026-04-18T18:09:22","date_gmt":"2026-04-18T18:09:22","guid":{"rendered":"https:\/\/singuli.wpress.me\/index.php\/proizvod\/red-bull-zero-energetski-napitak-24x0-25l-2\/"},"modified":"2026-04-21T00:26:55","modified_gmt":"2026-04-21T00:26:55","slug":"red-bull-zero-energetski-napitak-24x0-25l-2","status":"publish","type":"product","link":"https:\/\/singuli.wpress.me\/index.php\/proizvod\/red-bull-zero-energetski-napitak-24x0-25l-2\/","title":{"rendered":"RED BULL Zero, energetski napitak, 24&#215;0.25l"},"content":{"rendered":"<p>Kriiila bez kalorija i \u0161e\u0107era: Red Bull Zero je Red Bull Energy Drink bez kalorija i \u0161e\u0107era.<\/p>\n","protected":false},"excerpt":{"rendered":"<p>Funkcionalni energetski napitak<br \/>\nO\u017eivljava duh i tijelo<br \/>\nBez kalorija i \u0161e\u0107era<\/p>\n","protected":false},"featured_media":38140,"template":"","meta":{"_seopress_robots_primary_cat":"","_seopress_titles_title":"","_seopress_titles_desc":"","_seopress_robots_index":"","iawp_total_views":0},"product_brand":[472],"product_cat":[261,262],"product_tag":[],"class_list":{"0":"post-38139","1":"product","2":"type-product","3":"status-publish","4":"has-post-thumbnail","6":"product_brand-red-bull","7":"product_cat-hrana-i-pice","8":"product_cat-sokovi-i-napitci-261","10":"first","11":"instock","12":"shipping-taxable","13":"purchasable","14":"product-type-simple"},"_links":{"self":[{"href":"https:\/\/singuli.wpress.me\/index.php\/wp-json\/wp\/v2\/product\/38139","targetHints":{"allow":["GET"]}}],"collection":[{"href":"https:\/\/singuli.wpress.me\/index.php\/wp-json\/wp\/v2\/product"}],"about":[{"href":"https:\/\/singuli.wpress.me\/index.php\/wp-json\/wp\/v2\/types\/product"}],"version-history":[{"count":0,"href":"https:\/\/singuli.wpress.me\/index.php\/wp-json\/wp\/v2\/product\/38139\/revisions"}],"wp:featuredmedia":[{"embeddable":true,"href":"https:\/\/singuli.wpress.me\/index.php\/wp-json\/wp\/v2\/media\/38140"}],"wp:attachment":[{"href":"https:\/\/singuli.wpress.me\/index.php\/wp-json\/wp\/v2\/media?parent=38139"}],"wp:term":[{"taxonomy":"product_brand","embeddable":true,"href":"https:\/\/singuli.wpress.me\/index.php\/wp-json\/wp\/v2\/product_brand?post=38139"},{"taxonomy":"product_cat","embeddable":true,"href":"https:\/\/singuli.wpress.me\/index.php\/wp-json\/wp\/v2\/product_cat?post=38139"},{"taxonomy":"product_tag","embeddable":true,"href":"https:\/\/singuli.wpress.me\/index.php\/wp-json\/wp\/v2\/product_tag?post=38139"}],"curies":[{"name":"wp","href":"https:\/\/api.w.org\/{rel}","templated":true}]}}