{"id":38159,"date":"2026-04-18T18:09:27","date_gmt":"2026-04-18T18:09:27","guid":{"rendered":"https:\/\/singuli.wpress.me\/index.php\/proizvod\/red-bull-summer-sudachi-lime-energetski-napitak-0-25-l\/"},"modified":"2026-04-20T12:33:23","modified_gmt":"2026-04-20T12:33:23","slug":"red-bull-summer-sudachi-lime-energetski-napitak-0-25-l","status":"publish","type":"product","link":"https:\/\/singuli.wpress.me\/index.php\/proizvod\/red-bull-summer-sudachi-lime-energetski-napitak-0-25-l\/","title":{"rendered":"RED BULL Summer Sudachi Lime, energetski napitak, 0.25\u00a0l"},"content":{"rendered":"<p>Pripremite se za najosvje\u017eavaju\u0107e ljeto do sada! Predstavljamo Red Bull Summer Edition za 2026. godinu s egzoti\u010dnim okusom sudachi limete.<\/p>\n<p>Sudachi je dragocjeni japanski citrus poznat po svom intenzivnom, kiselkastom i nevjerojatno osvje\u017eavaju\u0107em profilu koji savr\u0161eno balansira izme\u0111u klasi\u010dne limete i aromati\u010dnog yuzua. Nova ljetna edicija donosi potpuno novu, jo\u0161 bogatiju i profinjeniju dimenziju okusa koja \u0107e odu\u0161eviti ljubitelje citrusa.<\/p>\n","protected":false},"excerpt":{"rendered":"<p>Intenzivna kombinacija japanskog sudachija i limete s dozom yuzua<br \/>\nEkskluzivni Red Bull Summer Edition<br \/>\nSavr\u0161en izbor za vru\u0107e ljetne dane uz prepoznatljivu Red Bull energetsku formulu<\/p>\n","protected":false},"featured_media":38160,"template":"","meta":{"_seopress_robots_primary_cat":"","_seopress_titles_title":"","_seopress_titles_desc":"","_seopress_robots_index":"","iawp_total_views":0},"product_brand":[472],"product_cat":[261,262],"product_tag":[],"class_list":{"0":"post-38159","1":"product","2":"type-product","3":"status-publish","4":"has-post-thumbnail","6":"product_brand-red-bull","7":"product_cat-hrana-i-pice","8":"product_cat-sokovi-i-napitci-261","10":"first","11":"outofstock","12":"shipping-taxable","13":"purchasable","14":"product-type-simple"},"_links":{"self":[{"href":"https:\/\/singuli.wpress.me\/index.php\/wp-json\/wp\/v2\/product\/38159","targetHints":{"allow":["GET"]}}],"collection":[{"href":"https:\/\/singuli.wpress.me\/index.php\/wp-json\/wp\/v2\/product"}],"about":[{"href":"https:\/\/singuli.wpress.me\/index.php\/wp-json\/wp\/v2\/types\/product"}],"version-history":[{"count":0,"href":"https:\/\/singuli.wpress.me\/index.php\/wp-json\/wp\/v2\/product\/38159\/revisions"}],"wp:featuredmedia":[{"embeddable":true,"href":"https:\/\/singuli.wpress.me\/index.php\/wp-json\/wp\/v2\/media\/38160"}],"wp:attachment":[{"href":"https:\/\/singuli.wpress.me\/index.php\/wp-json\/wp\/v2\/media?parent=38159"}],"wp:term":[{"taxonomy":"product_brand","embeddable":true,"href":"https:\/\/singuli.wpress.me\/index.php\/wp-json\/wp\/v2\/product_brand?post=38159"},{"taxonomy":"product_cat","embeddable":true,"href":"https:\/\/singuli.wpress.me\/index.php\/wp-json\/wp\/v2\/product_cat?post=38159"},{"taxonomy":"product_tag","embeddable":true,"href":"https:\/\/singuli.wpress.me\/index.php\/wp-json\/wp\/v2\/product_tag?post=38159"}],"curies":[{"name":"wp","href":"https:\/\/api.w.org\/{rel}","templated":true}]}}