{"id":38266,"date":"2026-04-18T18:09:42","date_gmt":"2026-04-18T18:09:42","guid":{"rendered":"https:\/\/singuli.wpress.me\/index.php\/proizvod\/fishermans-friend-bomboni-original-25-g\/"},"modified":"2026-04-21T00:26:55","modified_gmt":"2026-04-21T00:26:55","slug":"fishermans-friend-bomboni-original-25-g","status":"publish","type":"product","link":"https:\/\/singuli.wpress.me\/index.php\/proizvod\/fishermans-friend-bomboni-original-25-g\/","title":{"rendered":"FISHERMAN&#8217;S FRIEND, bomboni, Original, 25\u00a0g"},"content":{"rendered":"<p>Fisherman&#8217; s Friend Original bomboni imaju sna\u017ean i intenzivan okus. <\/p>\n<p>Savr\u0161ena, jedinstvena i originalna mje\u0161avina eukaliptusa i mentola osvje\u017eava dah te djeluje blagotvorno na grlo i glasnice. <\/p>\n<p>Prakti\u010dno pakiranje stane u svaki d\u017eep i svaku torbu.<\/p>\n<p>Svako pakiranje od 25g sadr\u017ei pribli\u017eno 20 bombona.<\/p>\n","protected":false},"excerpt":{"rendered":"<p>Bez umjetnih bojila i dodataka<br \/>\nOriginalan okus iz 1865.g.<br \/>\nPogodan za vegane i vegetarijance<\/p>\n","protected":false},"featured_media":38267,"template":"","meta":{"_seopress_robots_primary_cat":"","_seopress_titles_title":"","_seopress_titles_desc":"","_seopress_robots_index":"","iawp_total_views":0},"product_brand":[807],"product_cat":[261,277],"product_tag":[],"class_list":{"0":"post-38266","1":"product","2":"type-product","3":"status-publish","4":"has-post-thumbnail","6":"product_brand-fishermans-friend","7":"product_cat-hrana-i-pice","8":"product_cat-slatkisi-i-grickalice-261","10":"first","11":"instock","12":"shipping-taxable","13":"purchasable","14":"product-type-simple"},"_links":{"self":[{"href":"https:\/\/singuli.wpress.me\/index.php\/wp-json\/wp\/v2\/product\/38266","targetHints":{"allow":["GET"]}}],"collection":[{"href":"https:\/\/singuli.wpress.me\/index.php\/wp-json\/wp\/v2\/product"}],"about":[{"href":"https:\/\/singuli.wpress.me\/index.php\/wp-json\/wp\/v2\/types\/product"}],"version-history":[{"count":0,"href":"https:\/\/singuli.wpress.me\/index.php\/wp-json\/wp\/v2\/product\/38266\/revisions"}],"wp:featuredmedia":[{"embeddable":true,"href":"https:\/\/singuli.wpress.me\/index.php\/wp-json\/wp\/v2\/media\/38267"}],"wp:attachment":[{"href":"https:\/\/singuli.wpress.me\/index.php\/wp-json\/wp\/v2\/media?parent=38266"}],"wp:term":[{"taxonomy":"product_brand","embeddable":true,"href":"https:\/\/singuli.wpress.me\/index.php\/wp-json\/wp\/v2\/product_brand?post=38266"},{"taxonomy":"product_cat","embeddable":true,"href":"https:\/\/singuli.wpress.me\/index.php\/wp-json\/wp\/v2\/product_cat?post=38266"},{"taxonomy":"product_tag","embeddable":true,"href":"https:\/\/singuli.wpress.me\/index.php\/wp-json\/wp\/v2\/product_tag?post=38266"}],"curies":[{"name":"wp","href":"https:\/\/api.w.org\/{rel}","templated":true}]}}