{"id":38334,"date":"2026-04-18T18:09:51","date_gmt":"2026-04-18T18:09:51","guid":{"rendered":"https:\/\/singuli.wpress.me\/index.php\/proizvod\/ariel-japanese-blossom-kapsule-za-pranje-rublja-60-pranja\/"},"modified":"2026-04-20T12:33:24","modified_gmt":"2026-04-20T12:33:24","slug":"ariel-japanese-blossom-kapsule-za-pranje-rublja-60-pranja","status":"publish","type":"product","link":"https:\/\/singuli.wpress.me\/index.php\/proizvod\/ariel-japanese-blossom-kapsule-za-pranje-rublja-60-pranja\/","title":{"rendered":"ARIEL Japanese Blossom, kapsule za pranje rublja, 60 pranja"},"content":{"rendered":"<p>Otkrijte deterd\u017eent za pranje rublja Ariel Limited Edition Allin1 PODS\u00ae: Japanese Blossom, oboga\u0107en osvje\u017eavaju\u0107im mirisom Lenora. Koristite cijelu kolekciju za maksimalan u\u017eitak i svje\u017einu: Kombinirajte s omek\u0161iva\u010dem i mirisnim perlicama Japanese Blossom. UPOZORENJE: proizvod mo\u017ee biti \u0161tetan i mo\u017ee prouzro\u010diti te\u0161ku ozljedu. Kapsule deterd\u017eenta za pranje rublja Ariel Allin1 PODS\u00ae obavezno \u010duvajte izvan dohvata djece. Za vi\u0161e informacija posjetite keepcapsfromkids.eu.<\/p>\n","protected":false},"excerpt":{"rendered":"<p>OGRANI\u010cENA SERIJA JAPANESE BLOSSOM: Koristite u kombinaciji s Lenorovim omek\u0161iva\u010dem i mirisnim perlicama za rublje iz iste kolekcije za maksimalan u\u017eitak<br \/>\nSVJE\u017dINA LENORA: Teku\u0107i deterd\u017eent za pranje rublja Ariel omogu\u0107uje besprijekorno \u010di\u0161\u0107enje oboga\u0107eno svje\u017einom Lenora<br \/>\nKAKO KORISTITI KAPSULE ARIEL PODS\u00ae: Za maksimalnu u\u010dinkovitost u bubanj perilice prvo stavite kapsulu, a zatim rublje na nju<\/p>\n","protected":false},"featured_media":0,"template":"","meta":{"_seopress_robots_primary_cat":"","_seopress_titles_title":"","_seopress_titles_desc":"","_seopress_robots_index":"","iawp_total_views":0},"product_brand":[427],"product_cat":[283,238],"product_tag":[],"class_list":{"0":"post-38334","1":"product","2":"type-product","3":"status-publish","5":"product_brand-ariel","6":"product_cat-pranje-rublja-238","7":"product_cat-sve-za-dom","9":"first","10":"outofstock","11":"shipping-taxable","12":"purchasable","13":"product-type-simple"},"_links":{"self":[{"href":"https:\/\/singuli.wpress.me\/index.php\/wp-json\/wp\/v2\/product\/38334","targetHints":{"allow":["GET"]}}],"collection":[{"href":"https:\/\/singuli.wpress.me\/index.php\/wp-json\/wp\/v2\/product"}],"about":[{"href":"https:\/\/singuli.wpress.me\/index.php\/wp-json\/wp\/v2\/types\/product"}],"version-history":[{"count":0,"href":"https:\/\/singuli.wpress.me\/index.php\/wp-json\/wp\/v2\/product\/38334\/revisions"}],"wp:attachment":[{"href":"https:\/\/singuli.wpress.me\/index.php\/wp-json\/wp\/v2\/media?parent=38334"}],"wp:term":[{"taxonomy":"product_brand","embeddable":true,"href":"https:\/\/singuli.wpress.me\/index.php\/wp-json\/wp\/v2\/product_brand?post=38334"},{"taxonomy":"product_cat","embeddable":true,"href":"https:\/\/singuli.wpress.me\/index.php\/wp-json\/wp\/v2\/product_cat?post=38334"},{"taxonomy":"product_tag","embeddable":true,"href":"https:\/\/singuli.wpress.me\/index.php\/wp-json\/wp\/v2\/product_tag?post=38334"}],"curies":[{"name":"wp","href":"https:\/\/api.w.org\/{rel}","templated":true}]}}