{"id":38336,"date":"2026-04-18T18:09:51","date_gmt":"2026-04-18T18:09:51","guid":{"rendered":"https:\/\/singuli.wpress.me\/index.php\/proizvod\/lenor-japanese-blossom-omeksivac-59-pranja-1-239-l\/"},"modified":"2026-04-20T12:33:24","modified_gmt":"2026-04-20T12:33:24","slug":"lenor-japanese-blossom-omeksivac-59-pranja-1-239-l","status":"publish","type":"product","link":"https:\/\/singuli.wpress.me\/index.php\/proizvod\/lenor-japanese-blossom-omeksivac-59-pranja-1-239-l\/","title":{"rendered":"LENOR Japanese Blossom, omek\u0161iva\u010d, 59 pranja, 1.239\u00a0l"},"content":{"rendered":"<p>Otkrijte ograni\u010deno izdanje omek\u0161iva\u010da rublja Lenor Japanese Blossom: Pru\u017ea dugotrajnu svje\u017einu. Koristite cijelu kolekciju Japanese Blossom Ograni\u010deno Izdanje za maksimalan u\u017eitak u svje\u017eini: Kombinirajte s deterd\u017eentom za rublje Ariel Japanese Blossom i mirisnim perlicama Lenor Japanese Blossom.<\/p>\n","protected":false},"excerpt":{"rendered":"<p>OGRANI\u010cENO IZDANJE JAPANESE BLOSSOM: Kombinirajte omek\u0161iva\u010d rublja Lenor Japanese Blossom s deterd\u017eentom za rublje Ariel i mirisnim perlicama Lenor iz iste kolekcije<br \/>\nDUGOTRAJNA SVJE\u017dINA: Pru\u017ea dugotrajan miris<br \/>\nSVJE\u017dE \u010cAK I NA BRZIM PROGRAMIMA I PROGRAMIMA S NISKOM TEMPERATUROM PRANJA: Omek\u0161iva\u010d rublja Lenor u\u010dinkovito djeluje u razli\u010ditim uvjetima pranja<\/p>\n","protected":false},"featured_media":0,"template":"","meta":{"_seopress_robots_primary_cat":"","_seopress_titles_title":"","_seopress_titles_desc":"","_seopress_robots_index":"","iawp_total_views":0},"product_brand":[446],"product_cat":[283,238],"product_tag":[],"class_list":{"0":"post-38336","1":"product","2":"type-product","3":"status-publish","5":"product_brand-lenor","6":"product_cat-pranje-rublja-238","7":"product_cat-sve-za-dom","9":"first","10":"outofstock","11":"shipping-taxable","12":"purchasable","13":"product-type-simple"},"_links":{"self":[{"href":"https:\/\/singuli.wpress.me\/index.php\/wp-json\/wp\/v2\/product\/38336","targetHints":{"allow":["GET"]}}],"collection":[{"href":"https:\/\/singuli.wpress.me\/index.php\/wp-json\/wp\/v2\/product"}],"about":[{"href":"https:\/\/singuli.wpress.me\/index.php\/wp-json\/wp\/v2\/types\/product"}],"version-history":[{"count":0,"href":"https:\/\/singuli.wpress.me\/index.php\/wp-json\/wp\/v2\/product\/38336\/revisions"}],"wp:attachment":[{"href":"https:\/\/singuli.wpress.me\/index.php\/wp-json\/wp\/v2\/media?parent=38336"}],"wp:term":[{"taxonomy":"product_brand","embeddable":true,"href":"https:\/\/singuli.wpress.me\/index.php\/wp-json\/wp\/v2\/product_brand?post=38336"},{"taxonomy":"product_cat","embeddable":true,"href":"https:\/\/singuli.wpress.me\/index.php\/wp-json\/wp\/v2\/product_cat?post=38336"},{"taxonomy":"product_tag","embeddable":true,"href":"https:\/\/singuli.wpress.me\/index.php\/wp-json\/wp\/v2\/product_tag?post=38336"}],"curies":[{"name":"wp","href":"https:\/\/api.w.org\/{rel}","templated":true}]}}