{"id":38340,"date":"2026-04-18T18:09:52","date_gmt":"2026-04-18T18:09:52","guid":{"rendered":"https:\/\/singuli.wpress.me\/index.php\/proizvod\/ariel-japanese-blossom-kapsule-za-pranje-rublja-40-pranja\/"},"modified":"2026-04-20T12:33:24","modified_gmt":"2026-04-20T12:33:24","slug":"ariel-japanese-blossom-kapsule-za-pranje-rublja-40-pranja","status":"publish","type":"product","link":"https:\/\/singuli.wpress.me\/index.php\/proizvod\/ariel-japanese-blossom-kapsule-za-pranje-rublja-40-pranja\/","title":{"rendered":"ARIEL Japanese Blossom, kapsule za pranje rublja, 40 pranja"},"content":{"rendered":"<p>Otkrijte teku\u0107i deterd\u017eent za pranje rublja Ariel Limited Edition: Japanese Blossom, oboga\u0107en osvje\u017eavaju\u0107im mirisom Lenora. Koristite cijelu kolekciju za maksimalan u\u017eitak i svje\u017einu: Kombinirajte s omek\u0161iva\u010dem i mirisnim perlicama Lenor Japanese Blossom. Tvrdokorne mrlje prije pranja tretirajte teku\u0107im deterd\u017eentom Japanese Blossom i njegovim zelenim \u010depom, a zatim operite rublje u perilici. Za najbolje rezultate \u010dep s deterd\u017eentom stavite izravno u bubanj perilice rublja. Iz ekolo\u0161kih razloga na neke boce ne stavljamo \u010dep s mjericom; takav je \u010dep besplatno dostupan na internetskoj stranici ariel.info.<\/p>\n","protected":false},"excerpt":{"rendered":"<p>OGRANI\u010cENA SERIJA JAPANESE BLOSSOM: Koristite u kombinaciji s Lenorovim omek\u0161iva\u010dem i mirisnim perlicama za rublje iz iste kolekcije za maksimalan u\u017eitak<br \/>\nDUGOTRAJNA SVJE\u017dINA: Teku\u0107i deterd\u017eent za pranje rublja Ariel omogu\u0107uje besprijekorno \u010di\u0161\u0107enje oboga\u0107eno svje\u017einom Lenora<br \/>\nTRETIRANJE MRLJA PRIJE PRANJA: 1. Na mrlje nanesite malo teku\u0107eg Ariela, 2. Lagano istrljajte, 3. Zapo\u010dnite s pranjem<\/p>\n","protected":false},"featured_media":38341,"template":"","meta":{"_seopress_robots_primary_cat":"","_seopress_titles_title":"","_seopress_titles_desc":"","_seopress_robots_index":"","iawp_total_views":0},"product_brand":[427],"product_cat":[283,238],"product_tag":[],"class_list":{"0":"post-38340","1":"product","2":"type-product","3":"status-publish","4":"has-post-thumbnail","6":"product_brand-ariel","7":"product_cat-pranje-rublja-238","8":"product_cat-sve-za-dom","10":"first","11":"outofstock","12":"shipping-taxable","13":"purchasable","14":"product-type-simple"},"_links":{"self":[{"href":"https:\/\/singuli.wpress.me\/index.php\/wp-json\/wp\/v2\/product\/38340","targetHints":{"allow":["GET"]}}],"collection":[{"href":"https:\/\/singuli.wpress.me\/index.php\/wp-json\/wp\/v2\/product"}],"about":[{"href":"https:\/\/singuli.wpress.me\/index.php\/wp-json\/wp\/v2\/types\/product"}],"version-history":[{"count":0,"href":"https:\/\/singuli.wpress.me\/index.php\/wp-json\/wp\/v2\/product\/38340\/revisions"}],"wp:featuredmedia":[{"embeddable":true,"href":"https:\/\/singuli.wpress.me\/index.php\/wp-json\/wp\/v2\/media\/38341"}],"wp:attachment":[{"href":"https:\/\/singuli.wpress.me\/index.php\/wp-json\/wp\/v2\/media?parent=38340"}],"wp:term":[{"taxonomy":"product_brand","embeddable":true,"href":"https:\/\/singuli.wpress.me\/index.php\/wp-json\/wp\/v2\/product_brand?post=38340"},{"taxonomy":"product_cat","embeddable":true,"href":"https:\/\/singuli.wpress.me\/index.php\/wp-json\/wp\/v2\/product_cat?post=38340"},{"taxonomy":"product_tag","embeddable":true,"href":"https:\/\/singuli.wpress.me\/index.php\/wp-json\/wp\/v2\/product_tag?post=38340"}],"curies":[{"name":"wp","href":"https:\/\/api.w.org\/{rel}","templated":true}]}}