{"id":38537,"date":"2026-04-18T18:10:40","date_gmt":"2026-04-18T18:10:40","guid":{"rendered":"https:\/\/singuli.wpress.me\/index.php\/proizvod\/krusovice-svijetlo-pivo-24x0-5l\/"},"modified":"2026-04-20T12:33:25","modified_gmt":"2026-04-20T12:33:25","slug":"krusovice-svijetlo-pivo-24x0-5l","status":"publish","type":"product","link":"https:\/\/singuli.wpress.me\/index.php\/proizvod\/krusovice-svijetlo-pivo-24x0-5l\/","title":{"rendered":"KRU\u0160OVICE Svijetlo, pivo, 24&#215;0.5l"},"content":{"rendered":"<p>Kru\u0161ovice su izvorno \u010de\u0161ko pivo. Ugodne je gor\u010dine i iznimne pitkosti te je idealano za svaku prigodu.Bogatu i prepoznatljivu aromu ovo izvorno \u010de\u0161ko pivo duguje visoko kvalitetnoj sorti hmelja iz \u010de\u0161ke regije \u017datec. U toj regiji pivovara Kru\u0161ovice djeluje ve\u0107 vi\u0161e od 400 godina. \u017dateck\u00fd hmelj, tipi\u010dan je aromati\u010dni \u010de\u0161ki hmelj koji ima blago za\u010dinjeni okus i suptilnu aromu te daje poseban okus ovom \u010de\u0161kom lageru.<\/p>\n","protected":false},"excerpt":{"rendered":"<p>Svijetlo lager pivo<br \/>\nAlkohol: 4,2% vol.<br \/>\n\u010cuvati na suhom i hladnom mjestu<\/p>\n","protected":false},"featured_media":38538,"template":"","meta":{"_seopress_robots_primary_cat":"","_seopress_titles_title":"","_seopress_titles_desc":"","_seopress_robots_index":"","iawp_total_views":0},"product_brand":[523],"product_cat":[298,261],"product_tag":[],"class_list":{"0":"post-38537","1":"product","2":"type-product","3":"status-publish","4":"has-post-thumbnail","6":"product_brand-krusovice","7":"product_cat-alkoholna-pica-261","8":"product_cat-hrana-i-pice","10":"first","11":"outofstock","12":"shipping-taxable","13":"purchasable","14":"product-type-simple"},"_links":{"self":[{"href":"https:\/\/singuli.wpress.me\/index.php\/wp-json\/wp\/v2\/product\/38537","targetHints":{"allow":["GET"]}}],"collection":[{"href":"https:\/\/singuli.wpress.me\/index.php\/wp-json\/wp\/v2\/product"}],"about":[{"href":"https:\/\/singuli.wpress.me\/index.php\/wp-json\/wp\/v2\/types\/product"}],"version-history":[{"count":0,"href":"https:\/\/singuli.wpress.me\/index.php\/wp-json\/wp\/v2\/product\/38537\/revisions"}],"wp:featuredmedia":[{"embeddable":true,"href":"https:\/\/singuli.wpress.me\/index.php\/wp-json\/wp\/v2\/media\/38538"}],"wp:attachment":[{"href":"https:\/\/singuli.wpress.me\/index.php\/wp-json\/wp\/v2\/media?parent=38537"}],"wp:term":[{"taxonomy":"product_brand","embeddable":true,"href":"https:\/\/singuli.wpress.me\/index.php\/wp-json\/wp\/v2\/product_brand?post=38537"},{"taxonomy":"product_cat","embeddable":true,"href":"https:\/\/singuli.wpress.me\/index.php\/wp-json\/wp\/v2\/product_cat?post=38537"},{"taxonomy":"product_tag","embeddable":true,"href":"https:\/\/singuli.wpress.me\/index.php\/wp-json\/wp\/v2\/product_tag?post=38537"}],"curies":[{"name":"wp","href":"https:\/\/api.w.org\/{rel}","templated":true}]}}