{"id":38560,"date":"2026-04-18T18:10:44","date_gmt":"2026-04-18T18:10:44","guid":{"rendered":"https:\/\/singuli.wpress.me\/index.php\/proizvod\/miglior-suha-hrana-za-macke-piletina-u-vrecici-400-g\/"},"modified":"2026-04-20T12:33:25","modified_gmt":"2026-04-20T12:33:25","slug":"miglior-suha-hrana-za-macke-piletina-u-vrecici-400-g","status":"publish","type":"product","link":"https:\/\/singuli.wpress.me\/index.php\/proizvod\/miglior-suha-hrana-za-macke-piletina-u-vrecici-400-g\/","title":{"rendered":"MIGLIOR, suha hrana za ma\u010dke, piletina u vre\u0107ici, 400\u00a0g"},"content":{"rendered":"<p>Formula osmi\u0161ljena tako da jam\u010di klju\u010dne hranjive tvari potrebne za zdravlje va\u0161e ma\u010dke, uklju\u010duju\u0107i vitamine, Omega 3, kalcij i fosfor za jake kosti i zube, zdravu ko\u017eu i sjajnu dlaku, te zategnutu muskulaturu.<\/p>\n","protected":false},"excerpt":{"rendered":"<p>Hranjive tvari potrebne ma\u010dki<br \/>\nJake kosti i zubi, zdrava ko\u017ea i sjajna dlaka te zategnuta muskulatura<br \/>\nProizvod \u010duvajte na hladnom i suhom mjestu. Izbjegavajte izravnu sun\u010devu svjetlost<\/p>\n","protected":false},"featured_media":38561,"template":"","meta":{"_seopress_robots_primary_cat":"","_seopress_titles_title":"","_seopress_titles_desc":"","_seopress_robots_index":"","iawp_total_views":0},"product_brand":[813],"product_cat":[261,299],"product_tag":[],"class_list":{"0":"post-38560","1":"product","2":"type-product","3":"status-publish","4":"has-post-thumbnail","6":"product_brand-miglior","7":"product_cat-hrana-i-pice","8":"product_cat-konzervirana-i-gotova-hrana-261","10":"first","11":"instock","12":"shipping-taxable","13":"purchasable","14":"product-type-simple"},"_links":{"self":[{"href":"https:\/\/singuli.wpress.me\/index.php\/wp-json\/wp\/v2\/product\/38560","targetHints":{"allow":["GET"]}}],"collection":[{"href":"https:\/\/singuli.wpress.me\/index.php\/wp-json\/wp\/v2\/product"}],"about":[{"href":"https:\/\/singuli.wpress.me\/index.php\/wp-json\/wp\/v2\/types\/product"}],"version-history":[{"count":0,"href":"https:\/\/singuli.wpress.me\/index.php\/wp-json\/wp\/v2\/product\/38560\/revisions"}],"wp:featuredmedia":[{"embeddable":true,"href":"https:\/\/singuli.wpress.me\/index.php\/wp-json\/wp\/v2\/media\/38561"}],"wp:attachment":[{"href":"https:\/\/singuli.wpress.me\/index.php\/wp-json\/wp\/v2\/media?parent=38560"}],"wp:term":[{"taxonomy":"product_brand","embeddable":true,"href":"https:\/\/singuli.wpress.me\/index.php\/wp-json\/wp\/v2\/product_brand?post=38560"},{"taxonomy":"product_cat","embeddable":true,"href":"https:\/\/singuli.wpress.me\/index.php\/wp-json\/wp\/v2\/product_cat?post=38560"},{"taxonomy":"product_tag","embeddable":true,"href":"https:\/\/singuli.wpress.me\/index.php\/wp-json\/wp\/v2\/product_tag?post=38560"}],"curies":[{"name":"wp","href":"https:\/\/api.w.org\/{rel}","templated":true}]}}