{"id":38562,"date":"2026-04-18T18:10:45","date_gmt":"2026-04-18T18:10:45","guid":{"rendered":"https:\/\/singuli.wpress.me\/index.php\/proizvod\/barbie-igracka-kuca-iz-snova\/"},"modified":"2026-04-20T12:33:25","modified_gmt":"2026-04-20T12:33:25","slug":"barbie-igracka-kuca-iz-snova","status":"publish","type":"product","link":"https:\/\/singuli.wpress.me\/index.php\/proizvod\/barbie-igracka-kuca-iz-snova\/","title":{"rendered":"BARBIE, igra\u010dka, ku\u0107a iz snova"},"content":{"rendered":"<p>Fantasti\u010dna Barbie ku\u0107a \u2013 2 kata za igru sa Barbie i prijateljicama. 4 sobe, vrt \u2013 sa mnogo detalja za pravu modernu zabavu. Kuhinja i dnevni boravak u prizemlju, kupaona i spavaonica na katu; dijelovi namje\u0161taja za slo\u017eiti; garderobni ormar se otvara \u2013 ZABAVI SE!<\/p>\n<p><span style=\"font-weight: bold\">SADR\u017dAJ:<\/span> kartonska ku\u0107a, kartonska ograda i biljke, 2 kartonske stolice\/le\u017ealjke, 1 kartonski stol, 2 kartonska stoli\u0107a, 1 kartonska klupa \u2013 SVE DIJELOVE JE POTREBNO SASTAVITI! Upute ; Ku\u0107a dimenzijama odgovara Barbi lutki \u2013 Barbi lutka nije uklju\u010dena u pakiranje!<\/p>\n<p><span style=\"font-weight: bold\">VELI\u010cINA<\/span>: 67 x 73 x 22 cm <\/p>\n<p><span style=\"font-weight: bold\">UPUTE ZA SLAGANJE:<\/span> slaganje ku\u0107e je jednostavno \u2013 samo prati \u201ekorak-po-korak\u201c slikovne prikaze \u2013 obra\u0107aju\u0107i pa\u017enju na crte\u017ee.<\/p>\n<p>\nVeli\u010dina pakiranja: \u0160 70 cm \/ V 50 cm \/ D 8 cm<\/p>\n<p>Te\u017eina pakiranja 3.7 kg<\/p>\n<p>Dob: 4+ godine<\/p>\n","protected":false},"excerpt":{"rendered":"<p>Sadr\u017ei vi\u0161e komponenti<br \/>\nDimenzije: 67 x 73 x 22 cm<br \/>\nDob: 4+god<\/p>\n","protected":false},"featured_media":38563,"template":"","meta":{"_seopress_robots_primary_cat":"","_seopress_titles_title":"","_seopress_titles_desc":"","_seopress_robots_index":"","iawp_total_views":0},"product_brand":[324],"product_cat":[274,238],"product_tag":[],"class_list":{"0":"post-38562","1":"product","2":"type-product","3":"status-publish","4":"has-post-thumbnail","6":"product_brand-barbie","7":"product_cat-kucanski-pribor-238","8":"product_cat-sve-za-dom","10":"first","11":"outofstock","12":"shipping-taxable","13":"purchasable","14":"product-type-simple"},"_links":{"self":[{"href":"https:\/\/singuli.wpress.me\/index.php\/wp-json\/wp\/v2\/product\/38562","targetHints":{"allow":["GET"]}}],"collection":[{"href":"https:\/\/singuli.wpress.me\/index.php\/wp-json\/wp\/v2\/product"}],"about":[{"href":"https:\/\/singuli.wpress.me\/index.php\/wp-json\/wp\/v2\/types\/product"}],"version-history":[{"count":0,"href":"https:\/\/singuli.wpress.me\/index.php\/wp-json\/wp\/v2\/product\/38562\/revisions"}],"wp:featuredmedia":[{"embeddable":true,"href":"https:\/\/singuli.wpress.me\/index.php\/wp-json\/wp\/v2\/media\/38563"}],"wp:attachment":[{"href":"https:\/\/singuli.wpress.me\/index.php\/wp-json\/wp\/v2\/media?parent=38562"}],"wp:term":[{"taxonomy":"product_brand","embeddable":true,"href":"https:\/\/singuli.wpress.me\/index.php\/wp-json\/wp\/v2\/product_brand?post=38562"},{"taxonomy":"product_cat","embeddable":true,"href":"https:\/\/singuli.wpress.me\/index.php\/wp-json\/wp\/v2\/product_cat?post=38562"},{"taxonomy":"product_tag","embeddable":true,"href":"https:\/\/singuli.wpress.me\/index.php\/wp-json\/wp\/v2\/product_tag?post=38562"}],"curies":[{"name":"wp","href":"https:\/\/api.w.org\/{rel}","templated":true}]}}