{"id":38566,"date":"2026-04-18T18:10:47","date_gmt":"2026-04-18T18:10:47","guid":{"rendered":"https:\/\/singuli.wpress.me\/index.php\/proizvod\/bison-set-montazno-ljepilo-poly-max-high-tack-express-transparent-300g-pistolj\/"},"modified":"2026-04-21T00:26:57","modified_gmt":"2026-04-21T00:26:57","slug":"bison-set-montazno-ljepilo-poly-max-high-tack-express-transparent-300g-pistolj","status":"publish","type":"product","link":"https:\/\/singuli.wpress.me\/index.php\/proizvod\/bison-set-montazno-ljepilo-poly-max-high-tack-express-transparent-300g-pistolj\/","title":{"rendered":"BISON, set, monta\u017eno ljepilo Poly Max High Tack Express Transparent 300g + pi\u0161tolj"},"content":{"rendered":"<p>Univerzalno, potpuno prozirno monta\u017eno ljepilo s visokom po\u010detnom \u010dvrsto\u0107om i brzim postizanjem zavr\u0161ne snage.<\/p>\n<p><span style=\"font-weight: bold\">Karakteristike ljepila:<\/span><br \/>\n&#8211; Visoka po\u010detna snaga spoja<br \/>\n&#8211; Iznimno brzo postizanje zavr\u0161ne snage lijepljenja<br \/>\n&#8211; Potpuno prozirno<br \/>\n&#8211; Vrlo visoka zavr\u0161na snaga spoja<br \/>\n&#8211; Trajno elasti\u010dno<br \/>\n&#8211; Za unutarnju i vanjsku upotrebu<br \/>\n&#8211; Mo\u017ee se prebojiti (uz prethodni test)<br \/>\n&#8211; Dobar kapacitet popunjavanja<br \/>\n&#8211; Otporno na temperature od -40 \u00b0C do +100 \u00b0C<br \/>\n&#8211; Otporno na UV zra\u010denje, vodu i sve vremenske prilike<br \/>\n&#8211; 100 %-tno ljepilo (ne sti\u0161\u0107e se)<br \/>\n&#8211; Lijepi se i za malo vla\u017ene povr\u0161ine<br \/>\n&#8211; Bez otapala<br \/>\n&#8211; Izvrsno lijepljenje bez temeljnog premaza<br \/>\n&#8211; Ne sadr\u017ei kiseline, bez mirisa<\/p>\n","protected":false},"excerpt":{"rendered":"<p>Visoka po\u010detna snaga spoja<br \/>\nIznimno brzo postizanje zavr\u0161ne snage lijepljenja<br \/>\nPotpuno prozirno<\/p>\n","protected":false},"featured_media":38567,"template":"","meta":{"_seopress_robots_primary_cat":"","_seopress_titles_title":"","_seopress_titles_desc":"","_seopress_robots_index":"","iawp_total_views":0},"product_brand":[494],"product_cat":[264,238],"product_tag":[],"class_list":{"0":"post-38566","1":"product","2":"type-product","3":"status-publish","4":"has-post-thumbnail","6":"product_brand-bison","7":"product_cat-ljepila-i-brtvila-238","8":"product_cat-sve-za-dom","10":"first","11":"instock","12":"shipping-taxable","13":"purchasable","14":"product-type-simple"},"_links":{"self":[{"href":"https:\/\/singuli.wpress.me\/index.php\/wp-json\/wp\/v2\/product\/38566","targetHints":{"allow":["GET"]}}],"collection":[{"href":"https:\/\/singuli.wpress.me\/index.php\/wp-json\/wp\/v2\/product"}],"about":[{"href":"https:\/\/singuli.wpress.me\/index.php\/wp-json\/wp\/v2\/types\/product"}],"version-history":[{"count":0,"href":"https:\/\/singuli.wpress.me\/index.php\/wp-json\/wp\/v2\/product\/38566\/revisions"}],"wp:featuredmedia":[{"embeddable":true,"href":"https:\/\/singuli.wpress.me\/index.php\/wp-json\/wp\/v2\/media\/38567"}],"wp:attachment":[{"href":"https:\/\/singuli.wpress.me\/index.php\/wp-json\/wp\/v2\/media?parent=38566"}],"wp:term":[{"taxonomy":"product_brand","embeddable":true,"href":"https:\/\/singuli.wpress.me\/index.php\/wp-json\/wp\/v2\/product_brand?post=38566"},{"taxonomy":"product_cat","embeddable":true,"href":"https:\/\/singuli.wpress.me\/index.php\/wp-json\/wp\/v2\/product_cat?post=38566"},{"taxonomy":"product_tag","embeddable":true,"href":"https:\/\/singuli.wpress.me\/index.php\/wp-json\/wp\/v2\/product_tag?post=38566"}],"curies":[{"name":"wp","href":"https:\/\/api.w.org\/{rel}","templated":true}]}}