{"id":38574,"date":"2026-04-18T18:10:50","date_gmt":"2026-04-18T18:10:50","guid":{"rendered":"https:\/\/singuli.wpress.me\/index.php\/proizvod\/barbie-tajni-dnevnik\/"},"modified":"2026-04-21T00:26:57","modified_gmt":"2026-04-21T00:26:57","slug":"barbie-tajni-dnevnik","status":"publish","type":"product","link":"https:\/\/singuli.wpress.me\/index.php\/proizvod\/barbie-tajni-dnevnik\/","title":{"rendered":"BARBIE, tajni dnevnik"},"content":{"rendered":"<p>Barbie tajni dnevnik idealan je za sve tvoje tajne i kreacije.<\/p>\n<p>Sadr\u017ei razli\u010dite olovke \u2013 fluorescentne, da tvoji crte\u017ei zasjaje; mirisne olovke koje ostavljaju ugodan miris na stranici i magi\u010dne, koje mogu primijeniti boju tvojih kreacija kada po\u017eeli\u0161. Neka tvoj dnevnik bude jo\u0161 i posebniji uz fantasti\u010dne naljepnice i ukrase! Zahvaljuju\u0107i lokotu, sve tvoje tajne u dnevniku mogu biti dobro sakrivene i sa\u010duvane.<\/p>\n<p>Prije nego krene\u0161 \u2013 zalijepi zadnju stranicu dnevnika na tvrdu pozadinu (na unutarnjoj desnoj stranici korica \u2013 ima\u0161 neka sr\u010deka da ti pomognu!); Na taj na\u010din mo\u017ee\u0161 svoje tajne sakriti iznutra; plus lokot sa klju\u010di\u0107em \u2013 izvrsno! Sada je dnevnik spreman za uporabu i prije svega da ga uz pomo\u0107 Barbi naljepnica i ukrasa personalizira\u0161! I tu nije kraj! Uz razli\u010dite fantasti\u010dne olovke \u2013 mirisne, fluorescentne i s promjenom boje  \u2013 tvoje kreacije \u0107e biti zaista posebne!<\/p>\n<p>U dnevniku uz svoje osnovne podatke mo\u017ee\u0161 postaviti svoje fotografije, fotografiju obitelji, najbolje prijateljice; mo\u017ee\u0161 upisati najdra\u017eu pjesmu, film i knjigu, najdra\u017ei sport, nacrtati svoju omiljenu haljinu ili kreaciju, dodati drage fotografije, opisati svog ku\u0107nog ljubimca, pisati na stranicama \u0161to god po\u017eeli\u0161&#8230;ima\u0161 i raspored sati ako ti zatreba! U\u017eivaj u svom prekrasnom \u0161arenom i inspirativnom Barbie dnevniku!<\/p>\n<p><span style=\"font-weight: bold\">SADR\u017dAJ: <\/span>dnevnik (96 stranica), lokot sa klju\u010dem, naljepnice, mirisne olovke, fluorescentne olovke, olovke s promjenom boje, samoljepljivi ukrasi, upute<\/p>\n<p>Dob: 5+ godine<\/p>\n","protected":false},"excerpt":{"rendered":"<p>Tajni dnevnik s klju\u010di\u0107em<br \/>\nPuno dodataka<br \/>\nDob: 5+god<\/p>\n","protected":false},"featured_media":38575,"template":"","meta":{"_seopress_robots_primary_cat":"","_seopress_titles_title":"","_seopress_titles_desc":"","_seopress_robots_index":"","iawp_total_views":0},"product_brand":[324],"product_cat":[274,238],"product_tag":[],"class_list":{"0":"post-38574","1":"product","2":"type-product","3":"status-publish","4":"has-post-thumbnail","6":"product_brand-barbie","7":"product_cat-kucanski-pribor-238","8":"product_cat-sve-za-dom","10":"first","11":"instock","12":"shipping-taxable","13":"purchasable","14":"product-type-simple"},"_links":{"self":[{"href":"https:\/\/singuli.wpress.me\/index.php\/wp-json\/wp\/v2\/product\/38574","targetHints":{"allow":["GET"]}}],"collection":[{"href":"https:\/\/singuli.wpress.me\/index.php\/wp-json\/wp\/v2\/product"}],"about":[{"href":"https:\/\/singuli.wpress.me\/index.php\/wp-json\/wp\/v2\/types\/product"}],"version-history":[{"count":0,"href":"https:\/\/singuli.wpress.me\/index.php\/wp-json\/wp\/v2\/product\/38574\/revisions"}],"wp:featuredmedia":[{"embeddable":true,"href":"https:\/\/singuli.wpress.me\/index.php\/wp-json\/wp\/v2\/media\/38575"}],"wp:attachment":[{"href":"https:\/\/singuli.wpress.me\/index.php\/wp-json\/wp\/v2\/media?parent=38574"}],"wp:term":[{"taxonomy":"product_brand","embeddable":true,"href":"https:\/\/singuli.wpress.me\/index.php\/wp-json\/wp\/v2\/product_brand?post=38574"},{"taxonomy":"product_cat","embeddable":true,"href":"https:\/\/singuli.wpress.me\/index.php\/wp-json\/wp\/v2\/product_cat?post=38574"},{"taxonomy":"product_tag","embeddable":true,"href":"https:\/\/singuli.wpress.me\/index.php\/wp-json\/wp\/v2\/product_tag?post=38574"}],"curies":[{"name":"wp","href":"https:\/\/api.w.org\/{rel}","templated":true}]}}