{"id":38582,"date":"2026-04-18T18:10:53","date_gmt":"2026-04-18T18:10:53","guid":{"rendered":"https:\/\/singuli.wpress.me\/index.php\/proizvod\/games-drustvena-igra-scrabble-junior\/"},"modified":"2026-04-20T12:33:25","modified_gmt":"2026-04-20T12:33:25","slug":"games-drustvena-igra-scrabble-junior","status":"publish","type":"product","link":"https:\/\/singuli.wpress.me\/index.php\/proizvod\/games-drustvena-igra-scrabble-junior\/","title":{"rendered":"GAMES, dru\u0161tvena igra, Scrabble junior"},"content":{"rendered":"<p>Poznata dru\u0161tvena igra Scrabble prilago\u0111ena je djeci u dobi od 5-8 god.<\/p>\n<p>Djeca trebaju zavr\u0161iti rije\u010di uz pomo\u0107 ve\u0107 otisnutih slova na plo\u010di i sli\u010dica, koje ima poma\u017eu otkriti o kojoj se rije\u010di radi.<\/p>\n","protected":false},"excerpt":{"rendered":"<p>Prilago\u0111ena mla\u0111oj djeci<br \/>\nDjeca zavr\u0161avaju rije\u010di uz pomo\u0107 ve\u0107 otisnutih slova na plo\u010di i sli\u010dica<br \/>\nDob: 5-8 god<\/p>\n","protected":false},"featured_media":38583,"template":"","meta":{"_seopress_robots_primary_cat":"","_seopress_titles_title":"","_seopress_titles_desc":"","_seopress_robots_index":"","iawp_total_views":0},"product_brand":[390],"product_cat":[290,221],"product_tag":[],"class_list":{"0":"post-38582","1":"product","2":"type-product","3":"status-publish","4":"has-post-thumbnail","6":"product_brand-games","7":"product_cat-drustvene-igre-221","8":"product_cat-igracke","10":"first","11":"instock","12":"shipping-taxable","13":"purchasable","14":"product-type-simple"},"_links":{"self":[{"href":"https:\/\/singuli.wpress.me\/index.php\/wp-json\/wp\/v2\/product\/38582","targetHints":{"allow":["GET"]}}],"collection":[{"href":"https:\/\/singuli.wpress.me\/index.php\/wp-json\/wp\/v2\/product"}],"about":[{"href":"https:\/\/singuli.wpress.me\/index.php\/wp-json\/wp\/v2\/types\/product"}],"version-history":[{"count":0,"href":"https:\/\/singuli.wpress.me\/index.php\/wp-json\/wp\/v2\/product\/38582\/revisions"}],"wp:featuredmedia":[{"embeddable":true,"href":"https:\/\/singuli.wpress.me\/index.php\/wp-json\/wp\/v2\/media\/38583"}],"wp:attachment":[{"href":"https:\/\/singuli.wpress.me\/index.php\/wp-json\/wp\/v2\/media?parent=38582"}],"wp:term":[{"taxonomy":"product_brand","embeddable":true,"href":"https:\/\/singuli.wpress.me\/index.php\/wp-json\/wp\/v2\/product_brand?post=38582"},{"taxonomy":"product_cat","embeddable":true,"href":"https:\/\/singuli.wpress.me\/index.php\/wp-json\/wp\/v2\/product_cat?post=38582"},{"taxonomy":"product_tag","embeddable":true,"href":"https:\/\/singuli.wpress.me\/index.php\/wp-json\/wp\/v2\/product_tag?post=38582"}],"curies":[{"name":"wp","href":"https:\/\/api.w.org\/{rel}","templated":true}]}}